{"id":2878,"date":"2026-02-11T02:35:51","date_gmt":"2026-02-11T02:35:51","guid":{"rendered":"https:\/\/clientnoxor.com\/?post_type=product&#038;p=2878"},"modified":"2026-03-04T15:25:08","modified_gmt":"2026-03-04T15:25:08","slug":"elite","status":"publish","type":"product","link":"https:\/\/noxor.ca\/en\/product\/elite\/","title":{"rendered":"Elite Package"},"content":{"rendered":"<p data-path-to-node=\"7\">Ce forfait applicateur de niveau \u00c9lite est l&rsquo;option ultime pour les entrepreneurs ambitieux qui veulent op\u00e9rer \u00e0 grande \u00e9chelle. En effet, pour 16 995 $, vous recevez un \u00e9quipement de pointe et un inventaire massif pour encha\u00eener les projets. De plus, notre programme vous fournit un acc\u00e8s exclusif \u00e0 des leads en quantit\u00e9 \u00e9lite pour propulser vos ventes.<\/p>\n<p data-path-to-node=\"8\">Ce qui est inclus dans votre forfait :<\/p>\n<ul data-path-to-node=\"9\">\n<li>\n<p data-path-to-node=\"9,0,0\"><b data-path-to-node=\"9,0,0\" data-index-in-node=\"0\">Formation compl\u00e8te :<\/b> Devenez un expert certifi\u00e9 dans l&rsquo;application des produits Noxor.<\/p>\n<\/li>\n<li>\n<p data-path-to-node=\"9,1,0\"><b data-path-to-node=\"9,1,0\" data-index-in-node=\"0\">Templates marketing pr\u00eats \u00e0 l&#8217;emploi :<\/b> Des outils de vente professionnels pour gagner du temps.<\/p>\n<\/li>\n<li>\n<p data-path-to-node=\"9,2,0\"><b data-path-to-node=\"9,2,0\" data-index-in-node=\"0\">Prix distributeur pr\u00e9f\u00e9rentiel :<\/b> Profitez de nos meilleures marges sur chaque achat.<\/p>\n<\/li>\n<li>\n<p data-path-to-node=\"9,3,0\"><b data-path-to-node=\"9,3,0\" data-index-in-node=\"0\">Inventaire \u00c9lite :<\/b> Inclus 30 contenants de produit Noxnano pour vos chantiers d&rsquo;envergure.<\/p>\n<\/li>\n<li>\n<p data-path-to-node=\"9,4,0\"><b data-path-to-node=\"9,4,0\" data-index-in-node=\"0\">\u00c9quipement Haute Performance :<\/b> 1 pulv\u00e9risateur airless \u00e9lectrique et 1 souffleur \u00e9lectrique.<\/p>\n<\/li>\n<li>\n<p data-path-to-node=\"9,5,0\"><b data-path-to-node=\"9,5,0\" data-index-in-node=\"0\">Acc\u00e8s aux leads en quantit\u00e9 \u00e9lite :<\/b> Recevez un volume massif de contacts clients pour rentabiliser votre investissement rapidement.<\/p>\n<\/li>\n<\/ul>","protected":false},"excerpt":{"rendered":"<p dir=\"ltr\"><i>A Large Inventory for High-Volume Operations.<\/i><\/p>\n<p dir=\"ltr\">\u200b<b>Included:<\/b><\/p>\n<ul>\n<li dir=\"ltr\">Full Training<\/li>\n<li dir=\"ltr\">Marketing Templates<\/li>\n<li dir=\"ltr\">Access to Distributor Pricing<\/li>\n<li dir=\"ltr\">30 NoxNano Containers<\/li>\n<li dir=\"ltr\">1 Electric Airless Sprayer<\/li>\n<li dir=\"ltr\">1 Electric Blower<\/li>\n<li dir=\"ltr\">Access to Leads<\/li>\n<\/ul>","protected":false},"featured_media":3086,"comment_status":"open","ping_status":"closed","template":"","meta":[],"product_brand":[],"product_cat":[25],"product_tag":[],"class_list":{"0":"post-2878","1":"product","2":"type-product","3":"status-publish","4":"has-post-thumbnail","6":"product_cat-protection-nano-bardeau","8":"first","9":"instock","10":"taxable","11":"shipping-taxable","12":"purchasable","13":"product-type-simple"},"jetpack_sharing_enabled":true,"_links":{"self":[{"href":"https:\/\/noxor.ca\/en\/wp-json\/wp\/v2\/product\/2878","targetHints":{"allow":["GET"]}}],"collection":[{"href":"https:\/\/noxor.ca\/en\/wp-json\/wp\/v2\/product"}],"about":[{"href":"https:\/\/noxor.ca\/en\/wp-json\/wp\/v2\/types\/product"}],"replies":[{"embeddable":true,"href":"https:\/\/noxor.ca\/en\/wp-json\/wp\/v2\/comments?post=2878"}],"wp:featuredmedia":[{"embeddable":true,"href":"https:\/\/noxor.ca\/en\/wp-json\/wp\/v2\/media\/3086"}],"wp:attachment":[{"href":"https:\/\/noxor.ca\/en\/wp-json\/wp\/v2\/media?parent=2878"}],"wp:term":[{"taxonomy":"product_brand","embeddable":true,"href":"https:\/\/noxor.ca\/en\/wp-json\/wp\/v2\/product_brand?post=2878"},{"taxonomy":"product_cat","embeddable":true,"href":"https:\/\/noxor.ca\/en\/wp-json\/wp\/v2\/product_cat?post=2878"},{"taxonomy":"product_tag","embeddable":true,"href":"https:\/\/noxor.ca\/en\/wp-json\/wp\/v2\/product_tag?post=2878"}],"curies":[{"name":"wp","href":"https:\/\/api.w.org\/{rel}","templated":true}]}}