{"id":2877,"date":"2026-02-11T02:34:34","date_gmt":"2026-02-11T02:34:34","guid":{"rendered":"https:\/\/clientnoxor.com\/?post_type=product&#038;p=2877"},"modified":"2026-03-04T14:48:09","modified_gmt":"2026-03-04T14:48:09","slug":"premium","status":"publish","type":"product","link":"https:\/\/noxor.ca\/en\/product\/premium\/","title":{"rendered":"Premium Package"},"content":{"rendered":"<p data-path-to-node=\"13\">Ce <b data-path-to-node=\"13\" data-index-in-node=\"3\">forfait applicateur<\/b> de niveau Premium est notre option la plus populaire pour les entrepreneurs ambitieux. En effet, pour 6 295 $, vous recevez l&rsquo;\u00e9quipement complet et un inventaire massif pour vos projets de toiture. De plus, notre programme vous fournit des leads qualifi\u00e9s pour garantir vos premi\u00e8res ventes.<\/p>\n<p data-path-to-node=\"14\"><b data-path-to-node=\"14\" data-index-in-node=\"0\">Ce qui est inclus dans votre forfait :<\/b><\/p>\n<ul data-path-to-node=\"15\">\n<li>\n<p data-path-to-node=\"15,0,0\"><b data-path-to-node=\"15,0,0\" data-index-in-node=\"0\">Formation compl\u00e8te<\/b> : Devenez un expert certifi\u00e9 dans l&rsquo;application des produits Noxor.<\/p>\n<\/li>\n<li>\n<p data-path-to-node=\"15,1,0\"><b data-path-to-node=\"15,1,0\" data-index-in-node=\"0\">Mod\u00e8les marketing<\/b> : Des outils de vente pr\u00eats \u00e0 l&#8217;emploi pour gagner du temps.<\/p>\n<\/li>\n<li>\n<p data-path-to-node=\"15,2,0\"><b data-path-to-node=\"15,2,0\" data-index-in-node=\"0\">Prix distributeur pr\u00e9f\u00e9rentiel<\/b> : Profitez de nos meilleures marges sur chaque achat.<\/p>\n<\/li>\n<li>\n<p data-path-to-node=\"15,3,0\"><b data-path-to-node=\"15,3,0\" data-index-in-node=\"0\">Inventaire Premium<\/b> : Inclus 10 contenants de produit Noxnano pour vos chantiers.<\/p>\n<\/li>\n<li>\n<p data-path-to-node=\"15,4,0\"><b data-path-to-node=\"15,4,0\" data-index-in-node=\"0\">\u00c9quipement Haute Performance<\/b> : 1 pulv\u00e9risateur airless \u00e9lectrique et 1 souffleur \u00e9lectrique.<\/p>\n<\/li>\n<li>\n<p data-path-to-node=\"15,5,0\"><b data-path-to-node=\"15,5,0\" data-index-in-node=\"0\">Leads qualifi\u00e9s<\/b> : Recevez des contacts de clients pour maximiser vos revenus rapidement.<\/p>\n<\/li>\n<li>\n<p data-path-to-node=\"15,6,0\"><b data-path-to-node=\"15,6,0\" data-index-in-node=\"0\">Finalement<\/b>, c&rsquo;est la solution ultime pour dominer votre march\u00e9 avec une efficacit\u00e9 professionnelle.<\/p>\n<\/li>\n<\/ul>","protected":false},"excerpt":{"rendered":"<p dir=\"ltr\"><i>La solution compl\u00e8te pour une efficacit\u00e9 maximale.<\/i><\/p>\n<p dir=\"ltr\">\u200b<b>Included:<\/b><\/p>\n<ul>\n<li dir=\"ltr\">Full Training<\/li>\n<li dir=\"ltr\">Marketing Templates<\/li>\n<li dir=\"ltr\">Access to Distributor Pricing<\/li>\n<li dir=\"ltr\">10 NoxNano Containers<\/li>\n<li dir=\"ltr\">1 Electric Airless Sprayer<\/li>\n<li dir=\"ltr\">1 Electric Blower<\/li>\n<li dir=\"ltr\">Access to Leads<\/li>\n<\/ul>","protected":false},"featured_media":2161,"comment_status":"open","ping_status":"closed","template":"","meta":[],"product_brand":[],"product_cat":[25],"product_tag":[],"class_list":{"0":"post-2877","1":"product","2":"type-product","3":"status-publish","4":"has-post-thumbnail","6":"product_cat-protection-nano-bardeau","8":"first","9":"instock","10":"taxable","11":"shipping-taxable","12":"purchasable","13":"product-type-simple"},"jetpack_sharing_enabled":true,"_links":{"self":[{"href":"https:\/\/noxor.ca\/en\/wp-json\/wp\/v2\/product\/2877","targetHints":{"allow":["GET"]}}],"collection":[{"href":"https:\/\/noxor.ca\/en\/wp-json\/wp\/v2\/product"}],"about":[{"href":"https:\/\/noxor.ca\/en\/wp-json\/wp\/v2\/types\/product"}],"replies":[{"embeddable":true,"href":"https:\/\/noxor.ca\/en\/wp-json\/wp\/v2\/comments?post=2877"}],"wp:featuredmedia":[{"embeddable":true,"href":"https:\/\/noxor.ca\/en\/wp-json\/wp\/v2\/media\/2161"}],"wp:attachment":[{"href":"https:\/\/noxor.ca\/en\/wp-json\/wp\/v2\/media?parent=2877"}],"wp:term":[{"taxonomy":"product_brand","embeddable":true,"href":"https:\/\/noxor.ca\/en\/wp-json\/wp\/v2\/product_brand?post=2877"},{"taxonomy":"product_cat","embeddable":true,"href":"https:\/\/noxor.ca\/en\/wp-json\/wp\/v2\/product_cat?post=2877"},{"taxonomy":"product_tag","embeddable":true,"href":"https:\/\/noxor.ca\/en\/wp-json\/wp\/v2\/product_tag?post=2877"}],"curies":[{"name":"wp","href":"https:\/\/api.w.org\/{rel}","templated":true}]}}