{"id":2876,"date":"2026-02-11T02:34:18","date_gmt":"2026-02-11T02:34:18","guid":{"rendered":"https:\/\/clientnoxor.com\/?post_type=product&#038;p=2876"},"modified":"2026-03-04T14:20:38","modified_gmt":"2026-03-04T14:20:38","slug":"essentiel","status":"publish","type":"product","link":"https:\/\/noxor.ca\/en\/product\/essentiel\/","title":{"rendered":"Forfait Essentiel"},"content":{"rendered":"<p data-path-to-node=\"12\">Ce <b data-path-to-node=\"12\" data-index-in-node=\"3\">forfait applicateur<\/b> de niveau Essentiel est con\u00e7u pour acc\u00e9l\u00e9rer le d\u00e9veloppement de votre entreprise. En effet, pour 4 495 $, vous obtenez tout l&rsquo;\u00e9quipement professionnel et l&rsquo;inventaire requis. De plus, notre \u00e9quipe vous accompagne pour d\u00e9velopper votre client\u00e8le rapidement.<\/p>\n<p data-path-to-node=\"13\"><b data-path-to-node=\"13\" data-index-in-node=\"0\">Ce qui est inclus :<\/b><\/p>\n<ul data-path-to-node=\"14\">\n<li>\n<p data-path-to-node=\"14,0,0\"><b data-path-to-node=\"14,0,0\" data-index-in-node=\"0\">Formation compl\u00e8te<\/b> : Ma\u00eetrisez l&rsquo;application experte de nos produits.<\/p>\n<\/li>\n<li>\n<p data-path-to-node=\"14,1,0\"><b data-path-to-node=\"14,1,0\" data-index-in-node=\"0\">Mod\u00e8les marketing<\/b> : Utilisez nos outils de promotion pr\u00eats \u00e0 l&#8217;emploi.<\/p>\n<\/li>\n<li>\n<p data-path-to-node=\"14,2,0\"><b data-path-to-node=\"14,2,0\" data-index-in-node=\"0\">Prix distributeur<\/b> : Profitez d&rsquo;un tarif pr\u00e9f\u00e9rentiel pour maximiser vos profits.<\/p>\n<\/li>\n<li>\n<p data-path-to-node=\"14,3,0\"><b data-path-to-node=\"14,3,0\" data-index-in-node=\"0\">\u00c9quipement professionnel<\/b> : Inclus 1 pulv\u00e9risateur airless pour vos chantiers.<\/p>\n<\/li>\n<li>\n<p data-path-to-node=\"14,4,0\"><b data-path-to-node=\"14,4,0\" data-index-in-node=\"0\">Inventaire de d\u00e9part<\/b> : Obtenez 4 contenants de produit Noxnano.<\/p>\n<\/li>\n<li>\n<p data-path-to-node=\"14,5,0\"><b data-path-to-node=\"14,5,0\" data-index-in-node=\"0\">Leads qualifi\u00e9s<\/b> : Recevez des contacts pour d\u00e9velopper votre client\u00e8le locale.<\/p>\n<\/li>\n<li>\n<p data-path-to-node=\"14,6,0\"><b data-path-to-node=\"14,6,0\" data-index-in-node=\"0\">Finalement<\/b>, c&rsquo;est la solution parfaite pour les entrepreneurs s\u00e9rieux.<\/p>\n<\/li>\n<\/ul>","protected":false},"excerpt":{"rendered":"<p dir=\"ltr\"><i>Professional equipment for your first contracts.<\/i><\/p>\n<p dir=\"ltr\">\u200b<b>Included:<\/b><\/p>\n<ul>\n<li dir=\"ltr\">Full Training<\/li>\n<li dir=\"ltr\">Marketing Templates<\/li>\n<li dir=\"ltr\">Access to Distributor Pricing<\/li>\n<li dir=\"ltr\">\u200b4 Contenants NoxNano<\/li>\n<li dir=\"ltr\">1 Electric Airless Sprayer<\/li>\n<li dir=\"ltr\">Access to Leads<\/li>\n<\/ul>","protected":false},"featured_media":2160,"comment_status":"open","ping_status":"closed","template":"","meta":[],"product_brand":[],"product_cat":[25],"product_tag":[],"class_list":{"0":"post-2876","1":"product","2":"type-product","3":"status-publish","4":"has-post-thumbnail","6":"product_cat-protection-nano-bardeau","8":"first","9":"instock","10":"taxable","11":"shipping-taxable","12":"purchasable","13":"product-type-simple"},"jetpack_sharing_enabled":true,"_links":{"self":[{"href":"https:\/\/noxor.ca\/en\/wp-json\/wp\/v2\/product\/2876","targetHints":{"allow":["GET"]}}],"collection":[{"href":"https:\/\/noxor.ca\/en\/wp-json\/wp\/v2\/product"}],"about":[{"href":"https:\/\/noxor.ca\/en\/wp-json\/wp\/v2\/types\/product"}],"replies":[{"embeddable":true,"href":"https:\/\/noxor.ca\/en\/wp-json\/wp\/v2\/comments?post=2876"}],"wp:featuredmedia":[{"embeddable":true,"href":"https:\/\/noxor.ca\/en\/wp-json\/wp\/v2\/media\/2160"}],"wp:attachment":[{"href":"https:\/\/noxor.ca\/en\/wp-json\/wp\/v2\/media?parent=2876"}],"wp:term":[{"taxonomy":"product_brand","embeddable":true,"href":"https:\/\/noxor.ca\/en\/wp-json\/wp\/v2\/product_brand?post=2876"},{"taxonomy":"product_cat","embeddable":true,"href":"https:\/\/noxor.ca\/en\/wp-json\/wp\/v2\/product_cat?post=2876"},{"taxonomy":"product_tag","embeddable":true,"href":"https:\/\/noxor.ca\/en\/wp-json\/wp\/v2\/product_tag?post=2876"}],"curies":[{"name":"wp","href":"https:\/\/api.w.org\/{rel}","templated":true}]}}