{"id":2875,"date":"2026-02-11T02:33:38","date_gmt":"2026-02-11T02:33:38","guid":{"rendered":"https:\/\/clientnoxor.com\/?post_type=product&#038;p=2875"},"modified":"2026-04-01T15:58:46","modified_gmt":"2026-04-01T15:58:46","slug":"starter","status":"publish","type":"product","link":"https:\/\/noxor.ca\/en\/product\/starter\/","title":{"rendered":"Forfait Starter"},"content":{"rendered":"<p data-path-to-node=\"10\">Ce <b data-path-to-node=\"10\" data-index-in-node=\"3\">forfait applicateur<\/b> niveau Starter est la solution id\u00e9ale pour lancer votre entreprise avec Noxor. En effet, pour 1 995 $, vous obtenez l&rsquo;essentiel pour bien d\u00e9marrer. De plus, nous vous offrons un encadrement complet pour assurer votre r\u00e9ussite.<\/p>\n<p data-path-to-node=\"11\"><b data-path-to-node=\"11\" data-index-in-node=\"0\">Ce qui est inclus :<\/b><\/p>\n<ul data-path-to-node=\"12\">\n<li>\n<p data-path-to-node=\"12,0,0\"><b data-path-to-node=\"12,0,0\" data-index-in-node=\"0\">Formation compl\u00e8te<\/b> : Ma\u00eetrisez l&rsquo;application experte de nos produits liquides.<\/p>\n<\/li>\n<li>\n<p data-path-to-node=\"12,1,0\"><b data-path-to-node=\"12,1,0\" data-index-in-node=\"0\">Mod\u00e8les marketing<\/b> : Utilisez nos outils de promotion pr\u00eats \u00e0 l&#8217;emploi.<\/p>\n<\/li>\n<li>\n<p data-path-to-node=\"12,2,0\"><b data-path-to-node=\"12,2,0\" data-index-in-node=\"0\">Prix distributeur<\/b> : Profitez de nos tarifs r\u00e9duits pour maximiser vos profits.<\/p>\n<\/li>\n<li>\n<p data-path-to-node=\"12,3,0\"><b data-path-to-node=\"12,3,0\" data-index-in-node=\"0\">Inventaire de d\u00e9part<\/b> : Obtenez 3 contenants de produit Noxnano pour vos premiers chantiers.<\/p>\n<\/li>\n<li>\n<p data-path-to-node=\"12,4,0\"><b data-path-to-node=\"12,4,0\" data-index-in-node=\"0\">Leads qualifi\u00e9s<\/b> : Recevez des contacts de clients potentiels pour d\u00e9buter.<\/p>\n<\/li>\n<li>\n<p data-path-to-node=\"12,5,0\"><b data-path-to-node=\"12,5,0\" data-index-in-node=\"0\">Finalement<\/b>, c&rsquo;est l&rsquo;investissement parfait pour d\u00e9marrer solidement sur le terrain.<\/p>\n<\/li>\n<\/ul>","protected":false},"excerpt":{"rendered":"<p dir=\"ltr\"><i>Ideal for starting your business at a lower cost<\/i><\/p>\n<p dir=\"ltr\">\u200b<b>Included:<\/b><\/p>\n<ul>\n<li dir=\"ltr\">Full Training<\/li>\n<li dir=\"ltr\">Marketing Templates<\/li>\n<li dir=\"ltr\">Access to Distributor Pricing<\/li>\n<li dir=\"ltr\">3 NoxNano Containers<\/li>\n<li dir=\"ltr\">Access to Leads<\/li>\n<\/ul>","protected":false},"featured_media":2159,"comment_status":"open","ping_status":"closed","template":"","meta":[],"product_brand":[],"product_cat":[25],"product_tag":[],"class_list":{"0":"post-2875","1":"product","2":"type-product","3":"status-publish","4":"has-post-thumbnail","6":"product_cat-protection-nano-bardeau","8":"first","9":"instock","10":"taxable","11":"shipping-taxable","12":"purchasable","13":"product-type-simple"},"jetpack_sharing_enabled":true,"_links":{"self":[{"href":"https:\/\/noxor.ca\/en\/wp-json\/wp\/v2\/product\/2875","targetHints":{"allow":["GET"]}}],"collection":[{"href":"https:\/\/noxor.ca\/en\/wp-json\/wp\/v2\/product"}],"about":[{"href":"https:\/\/noxor.ca\/en\/wp-json\/wp\/v2\/types\/product"}],"replies":[{"embeddable":true,"href":"https:\/\/noxor.ca\/en\/wp-json\/wp\/v2\/comments?post=2875"}],"wp:featuredmedia":[{"embeddable":true,"href":"https:\/\/noxor.ca\/en\/wp-json\/wp\/v2\/media\/2159"}],"wp:attachment":[{"href":"https:\/\/noxor.ca\/en\/wp-json\/wp\/v2\/media?parent=2875"}],"wp:term":[{"taxonomy":"product_brand","embeddable":true,"href":"https:\/\/noxor.ca\/en\/wp-json\/wp\/v2\/product_brand?post=2875"},{"taxonomy":"product_cat","embeddable":true,"href":"https:\/\/noxor.ca\/en\/wp-json\/wp\/v2\/product_cat?post=2875"},{"taxonomy":"product_tag","embeddable":true,"href":"https:\/\/noxor.ca\/en\/wp-json\/wp\/v2\/product_tag?post=2875"}],"curies":[{"name":"wp","href":"https:\/\/api.w.org\/{rel}","templated":true}]}}