{"id":2114,"date":"2026-02-05T21:43:17","date_gmt":"2026-02-05T21:43:17","guid":{"rendered":"https:\/\/clientnoxor.com\/?post_type=product&#038;p=2114"},"modified":"2026-03-10T16:06:21","modified_gmt":"2026-03-10T16:06:21","slug":"kits-noxseal","status":"publish","type":"product","link":"https:\/\/noxor.ca\/en\/product\/kits-noxseal\/","title":{"rendered":"Kits Noxseal"},"content":{"rendered":"<div class=\"product-details-module__title ec-header-h6\">Product Detail<\/div>\n<div class=\"product-details-module__content\">\n<div id=\"productDescription\" class=\"product-details__product-description\">\n<p>Industrial-grade elastomeric coating for roofs and structures.<\/p>\n<p><img decoding=\"async\" src=\"https:\/\/s3.amazonaws.com\/images.ecwid.com\/images\/wysiwyg\/product\/23458559\/172933185\/16540330249412130560964\/livraison_gratuite_horizontal_png\" \/><\/p>\n<p><strong>15-year lifespan.<br \/>\n<\/strong><\/p>\n<p>Single-component, water-based liquid membrane coating made from 100% siliconized acrylic for waterproofing all types of roofs. Suitable for flat roofs, metal roofing, asphalt shingles, as well as walls, wood, concrete, and all steel structures.<\/p>\n<p class=\"translation-block\">Provides X3 anti-corrosion protection (rust-inhibiting), meeting the highest standard in North America.\n\nUV ray protection \u2013 Unique in North America for elastomeric coatings.\n\nExtreme adhesion and elasticity, up to 240%.\n\nWaterproofs, seals, and protects roofing surfaces against water infiltration by forming a thick, seamless membrane.\n\nIndustry-leading warranty: 15 years.<\/p>\n<p><u>COLORS<\/u><\/p>\n<p><img decoding=\"async\" src=\"https:\/\/s3.amazonaws.com\/images.ecwid.com\/images\/wysiwyg\/product\/23458559\/172933185\/16572187633261510192512\/8_couleurs_jpg\" \/><\/p>\n<p>Available in multiple colors:<\/p>\n<p class=\"translation-block\">Black\nGray (custom-developed color)\nDark Gray (Sico color: Lava)\nWhite\nRed (custom-developed color, UV resistant)\nDark Brown (MacM\u00e9tal)\nBlue (Vicwest QC56079 Heron Blue)\nGreen<\/p>\n<p class=\"translation-block\">Custom colors are available. Simply select \u201cCustom Color\u201d from the dropdown menu and provide your desired SICO color code in the comment field during checkout. An additional fee of $120 per 5-gallon pail applies.<\/p>\n<p>White coating can reduce heat absorption by up to 83% through solar reflectance, making it an energy-efficient solution.<\/p>\n<p class=\"translation-block\"><a title=\"Fiche Signal\u00e9tique\" href=\"https:\/\/noxor.ca\/wp-content\/uploads\/2026\/01\/NOXSEAL.FICHE_.SIGNALETIQUE-.pdf\" target=\"_self\">Fiche Signal\u00e9tique<\/a><br>\r\n<a title=\"Fiche technique (FR)\" href=\"https:\/\/noxor.ca\/wp-content\/uploads\/2026\/01\/NOXSEAL.FICHETECHNIQUEFRANCAIS.pdf\" target=\"_self\">Fiche technique (FR)<\/a><br>\r\n<a title=\"Fiche technique (EN)\" href=\"https:\/\/noxor.ca\/wp-content\/uploads\/2026\/01\/NOXSEAL.FICHETECHNIQUEANGLAIS.pdf\" target=\"_self\">Fiche technique (EN)<\/a><\/p>\n<\/div>\n<\/div>","protected":false},"excerpt":{"rendered":"<p>Kit Noxseal complet incluant peinture \u00e9lastom\u00e8re industrielle 100% acrylique siliconis\u00e9e. \u00c9tanch\u00e9it\u00e9 maximale, protection anticorrosion et durabilit\u00e9 15 ans.<\/p>","protected":false},"featured_media":3473,"comment_status":"open","ping_status":"closed","template":"","meta":[],"product_brand":[],"product_cat":[28],"product_tag":[],"class_list":{"0":"post-2114","1":"product","2":"type-product","3":"status-publish","4":"has-post-thumbnail","6":"product_cat-kits-toiture","8":"first","9":"instock","10":"featured","11":"taxable","12":"shipping-taxable","13":"purchasable","14":"product-type-variable"},"jetpack_sharing_enabled":true,"_links":{"self":[{"href":"https:\/\/noxor.ca\/en\/wp-json\/wp\/v2\/product\/2114","targetHints":{"allow":["GET"]}}],"collection":[{"href":"https:\/\/noxor.ca\/en\/wp-json\/wp\/v2\/product"}],"about":[{"href":"https:\/\/noxor.ca\/en\/wp-json\/wp\/v2\/types\/product"}],"replies":[{"embeddable":true,"href":"https:\/\/noxor.ca\/en\/wp-json\/wp\/v2\/comments?post=2114"}],"wp:featuredmedia":[{"embeddable":true,"href":"https:\/\/noxor.ca\/en\/wp-json\/wp\/v2\/media\/3473"}],"wp:attachment":[{"href":"https:\/\/noxor.ca\/en\/wp-json\/wp\/v2\/media?parent=2114"}],"wp:term":[{"taxonomy":"product_brand","embeddable":true,"href":"https:\/\/noxor.ca\/en\/wp-json\/wp\/v2\/product_brand?post=2114"},{"taxonomy":"product_cat","embeddable":true,"href":"https:\/\/noxor.ca\/en\/wp-json\/wp\/v2\/product_cat?post=2114"},{"taxonomy":"product_tag","embeddable":true,"href":"https:\/\/noxor.ca\/en\/wp-json\/wp\/v2\/product_tag?post=2114"}],"curies":[{"name":"wp","href":"https:\/\/api.w.org\/{rel}","templated":true}]}}