{"id":2079,"date":"2026-02-05T19:17:44","date_gmt":"2026-02-05T19:17:44","guid":{"rendered":"https:\/\/clientnoxor.com\/?post_type=product&#038;p=2079"},"modified":"2026-03-05T14:02:21","modified_gmt":"2026-03-05T14:02:21","slug":"kits-pro-rust","status":"publish","type":"product","link":"https:\/\/noxor.ca\/en\/product\/kits-pro-rust\/","title":{"rendered":"Kits Pro-Rust"},"content":{"rendered":"<div class=\"product-details-module__title ec-header-h6\">Product Detail<\/div>\n<div class=\"product-details-module__content\">\n<div id=\"productDescription\" class=\"product-details__product-description\">\n<p><img decoding=\"async\" src=\"https:\/\/s3.amazonaws.com\/images.ecwid.com\/images\/wysiwyg\/product\/23458559\/0\/1693600012545-245054420\/logo_Small_jpg\" \/><\/p>\n<p><strong>Superior Grade<\/strong><\/p>\n<p class=\"translation-block\">3X More Anti-Corrosion Protection\nUV Protection \u2013 Unique in North America for Elastomeric Coatings<\/p>\n<p>Industrial-grade elastomeric coating for roofs and structures.<\/p>\n<p><img decoding=\"async\" src=\"https:\/\/s3.amazonaws.com\/images.ecwid.com\/images\/wysiwyg\/product\/23458559\/172933185\/16540330249412130560964\/livraison_gratuite_horizontal_png\" \/><\/p>\n<p><strong>15-year lifespan.<br \/>\n<\/strong><\/p>\n<p>Single-component, water-based liquid membrane coating made from 100% siliconized acrylic for waterproofing all types of roofs. Suitable for flat roofs, metal roofing, asphalt shingles, as well as walls, wood, concrete, and all steel structures.<\/p>\n<p class=\"translation-block\">Provides X3 anti-corrosion protection (rust protection), meeting the highest standards in North America.\n\nUV protection \u2013 Unique in North America for elastomeric coatings.\n\nExtreme adhesion and elasticity, up to 240%.\n\nWaterproofs, seals, and protects roofing surfaces against water infiltration by forming a thick, seamless membrane.\n\nIndustry-leading warranty: 15 years.<\/p>\n<p><u>COLORS<\/u><\/p>\n<p><img decoding=\"async\" src=\"https:\/\/s3.amazonaws.com\/images.ecwid.com\/images\/wysiwyg\/product\/23458559\/584084762\/1693601140371-661665627\/4_couleurs_jpg_jpg\" \/><\/p>\n<p>Available in multiple colors:<\/p>\n<p class=\"translation-block\">Black\nDark Gray (Sico Color: Lava)\nLight Gray (Custom-Developed Color)\nWhite<\/p>\n<p><strong>Color samples shown above are for reference only. Actual colors may vary depending on your screen settings.<\/strong><\/p>\n<p>White coating can reduce heat absorption by up to 83% through solar reflectance, making it an energy-efficient solution.<\/p>\n<p><a title=\"Fiche Signal\u00e9tique\" href=\"https:\/\/noxor.ca\/wp-content\/uploads\/2026\/01\/NOXSEAL.PRO-FICHE.SIGNALETIQUE.pdf\">Fiche Signal\u00e9tique<\/a><\/p>\n<\/div>\n<\/div>","protected":false},"excerpt":{"rendered":"<p>Kit Pro-Rust \u2013 Grade sup\u00e9rieur avec protection anticorrosion X3 et r\u00e9sistance UV unique en Am\u00e9rique du Nord. Performance industrielle, garantie 15 ans.<\/p>","protected":false},"featured_media":3061,"comment_status":"open","ping_status":"closed","template":"","meta":[],"product_brand":[],"product_cat":[28],"product_tag":[],"class_list":{"0":"post-2079","1":"product","2":"type-product","3":"status-publish","4":"has-post-thumbnail","6":"product_cat-kits-toiture","8":"first","9":"instock","10":"featured","11":"taxable","12":"shipping-taxable","13":"purchasable","14":"product-type-variable"},"jetpack_sharing_enabled":true,"_links":{"self":[{"href":"https:\/\/noxor.ca\/en\/wp-json\/wp\/v2\/product\/2079","targetHints":{"allow":["GET"]}}],"collection":[{"href":"https:\/\/noxor.ca\/en\/wp-json\/wp\/v2\/product"}],"about":[{"href":"https:\/\/noxor.ca\/en\/wp-json\/wp\/v2\/types\/product"}],"replies":[{"embeddable":true,"href":"https:\/\/noxor.ca\/en\/wp-json\/wp\/v2\/comments?post=2079"}],"wp:featuredmedia":[{"embeddable":true,"href":"https:\/\/noxor.ca\/en\/wp-json\/wp\/v2\/media\/3061"}],"wp:attachment":[{"href":"https:\/\/noxor.ca\/en\/wp-json\/wp\/v2\/media?parent=2079"}],"wp:term":[{"taxonomy":"product_brand","embeddable":true,"href":"https:\/\/noxor.ca\/en\/wp-json\/wp\/v2\/product_brand?post=2079"},{"taxonomy":"product_cat","embeddable":true,"href":"https:\/\/noxor.ca\/en\/wp-json\/wp\/v2\/product_cat?post=2079"},{"taxonomy":"product_tag","embeddable":true,"href":"https:\/\/noxor.ca\/en\/wp-json\/wp\/v2\/product_tag?post=2079"}],"curies":[{"name":"wp","href":"https:\/\/api.w.org\/{rel}","templated":true}]}}