{"id":1727,"date":"2026-01-28T05:17:16","date_gmt":"2026-01-28T05:17:16","guid":{"rendered":"https:\/\/clientnoxor.com\/?post_type=product&#038;p=1727"},"modified":"2026-03-03T23:39:52","modified_gmt":"2026-03-03T23:39:52","slug":"certification-applicateur","status":"publish","type":"product","link":"https:\/\/noxor.ca\/en\/product\/certification-applicateur\/","title":{"rendered":"Applicator Certification"},"content":{"rendered":"<p data-path-to-node=\"12\">Le programme de <b data-path-to-node=\"12\" data-index-in-node=\"16\">certification applicateur<\/b> agr\u00e9\u00e9 Noxor est con\u00e7u pour les entrepreneurs en toiture et les professionnels de la r\u00e9novation. En effet, cette formation vous permet de ma\u00eetriser l\u2019art des membranes liquides. De plus, en rejoignant l&rsquo;\u00c9lite Noxor, vous validez votre expertise technique aupr\u00e8s de vos clients.<\/p>\n<p data-path-to-node=\"13\"><b data-path-to-node=\"13\" data-index-in-node=\"0\">Avantages du programme :<\/b><\/p>\n<ul data-path-to-node=\"14\">\n<li>\n<p data-path-to-node=\"14,0,0\"><b data-path-to-node=\"14,0,0\" data-index-in-node=\"0\">Formation Technique<\/b> : Apprenez les m\u00e9thodes d&rsquo;application officielles pour les gammes NoxSeal, ProSeal et Durakor. Cela vous garantit des r\u00e9sultats durables sur chaque chantier.<\/p>\n<\/li>\n<li>\n<p data-path-to-node=\"14,1,0\"><b data-path-to-node=\"14,1,0\" data-index-in-node=\"0\">Sceau de Confiance<\/b> : Obtenez le droit d&rsquo;utiliser le logo \u00ab Applicateur Certifi\u00e9 \u00bb sur votre camionnette, votre camion et votre site web.<\/p>\n<\/li>\n<li>\n<p data-path-to-node=\"14,2,0\"><b data-path-to-node=\"14,2,0\" data-index-in-node=\"0\">Support Prioritaire<\/b> : Acc\u00e8s direct \u00e0 notre ligne de support technique pour vos projets de toiture complexes.<\/p>\n<\/li>\n<li>\n<p data-path-to-node=\"14,3,0\"><b data-path-to-node=\"14,3,0\" data-index-in-node=\"0\">R\u00e9seau de R\u00e9f\u00e9rences<\/b> : Les applicateurs certifi\u00e9s sont prioritaires lorsque des clients locaux nous contactent.<\/p>\n<\/li>\n<li>\n<p data-path-to-node=\"14,4,0\"><b data-path-to-node=\"14,4,0\" data-index-in-node=\"0\">Finalement<\/b>, ce programme est l&rsquo;outil id\u00e9al pour propulser votre entreprise vers de nouveaux sommets.<\/p>\n<\/li>\n<\/ul>","protected":false},"excerpt":{"rendered":"<div class=\"gs\">\n<div class=\"\">\n<div id=\":51\" class=\"ii gt adO\">\n<div id=\":50\" class=\"a3s aiL\">\n<div id=\"avWBGd-189\">\n<div dir=\"auto\">\n<blockquote>\n<p dir=\"ltr\" class=\"translation-block\">The Noxor Approved Applicator Certification program is designed for roofing contractors and renovation professionals who want to master the art of liquid membrane systems. By joining the Noxor elite network, you validate your technical expertise with your clients.<\/p>\n<ul>\n<li dir=\"ltr\" class=\"translation-block\">Technical Training: Learn the official application methods for the NoxSeal, ProRust, and Durakor product lines to ensure long-lasting results.<\/li>\n<li dir=\"ltr\" class=\"translation-block\">Seal of Trust: Gain the right to use the \u201cCertified Applicator\u201d logo on your proposals, company vehicle, and website.<\/li>\n<li dir=\"ltr\" class=\"translation-block\">Priority Support: Direct access to our technical support line for your complex job sites.<\/li>\n<li dir=\"ltr\" class=\"translation-block\">Referral Network: Certified applicators are prioritized when homeowners contact us to find a contractor in their area.<\/li>\n<\/ul>\n<\/blockquote>\n<\/div>\n<\/div>\n<\/div>\n<\/div>\n<div id=\"avWBGd-190\" class=\"WhmR8e\" data-hash=\"0\"><\/div>\n<\/div>\n<\/div>","protected":false},"featured_media":1960,"comment_status":"open","ping_status":"closed","template":"","meta":[],"product_brand":[],"product_cat":[22],"product_tag":[],"class_list":{"0":"post-1727","1":"product","2":"type-product","3":"status-publish","4":"has-post-thumbnail","6":"product_cat-non-classe","8":"first","9":"instock","10":"taxable","11":"shipping-taxable","12":"purchasable","13":"product-type-simple"},"jetpack_sharing_enabled":true,"_links":{"self":[{"href":"https:\/\/noxor.ca\/en\/wp-json\/wp\/v2\/product\/1727","targetHints":{"allow":["GET"]}}],"collection":[{"href":"https:\/\/noxor.ca\/en\/wp-json\/wp\/v2\/product"}],"about":[{"href":"https:\/\/noxor.ca\/en\/wp-json\/wp\/v2\/types\/product"}],"replies":[{"embeddable":true,"href":"https:\/\/noxor.ca\/en\/wp-json\/wp\/v2\/comments?post=1727"}],"wp:featuredmedia":[{"embeddable":true,"href":"https:\/\/noxor.ca\/en\/wp-json\/wp\/v2\/media\/1960"}],"wp:attachment":[{"href":"https:\/\/noxor.ca\/en\/wp-json\/wp\/v2\/media?parent=1727"}],"wp:term":[{"taxonomy":"product_brand","embeddable":true,"href":"https:\/\/noxor.ca\/en\/wp-json\/wp\/v2\/product_brand?post=1727"},{"taxonomy":"product_cat","embeddable":true,"href":"https:\/\/noxor.ca\/en\/wp-json\/wp\/v2\/product_cat?post=1727"},{"taxonomy":"product_tag","embeddable":true,"href":"https:\/\/noxor.ca\/en\/wp-json\/wp\/v2\/product_tag?post=1727"}],"curies":[{"name":"wp","href":"https:\/\/api.w.org\/{rel}","templated":true}]}}