{"id":1708,"date":"2026-01-28T04:21:01","date_gmt":"2026-01-28T04:21:01","guid":{"rendered":"https:\/\/clientnoxor.com\/?post_type=product&#038;p=1708"},"modified":"2026-03-03T21:28:20","modified_gmt":"2026-03-03T21:28:20","slug":"durakor","status":"publish","type":"product","link":"https:\/\/noxor.ca\/en\/product\/durakor\/","title":{"rendered":"DURAKOR"},"content":{"rendered":"<div class=\"product-details-module__title ec-header-h6\">\n<p data-path-to-node=\"13\"><b data-path-to-node=\"13\" data-index-in-node=\"0\">DURAKOR \u2013 DTM (Direct-to-Metal) Coating<\/b><\/p>\n<p data-path-to-node=\"14\">5-Year Warranty Against Rust-Through Perforation<\/p>\n<p data-path-to-node=\"15\">Prot\u00e9gez vos installations avec ce puissant rev\u00eatement m\u00e9tallique. En effet, le rev\u00eatement DURAKOR de NOXOR est une peinture industrielle de haute performance sp\u00e9cialement con\u00e7ue pour \u00eatre appliqu\u00e9e directement sur les surfaces m\u00e9talliques, sans besoin d&rsquo;appr\u00eat. De plus, sa formulation avanc\u00e9e assure une protection optimale contre la rouille, les rayons UV et les conditions climatiques extr\u00eames, en int\u00e9rieur comme en ext\u00e9rieur.<\/p>\n<p data-path-to-node=\"16\"><b data-path-to-node=\"16\" data-index-in-node=\"0\">Features:<\/b><\/p>\n<ul data-path-to-node=\"17\">\n<li>\n<p data-path-to-node=\"17,0,0\">Direct-to-metal application \u2013 no primer required<\/p>\n<\/li>\n<li>\n<p data-path-to-node=\"17,1,0\">Ultra-durable protective finish<\/p>\n<\/li>\n<li>\n<p data-path-to-node=\"17,2,0\">Excellent corrosion and UV resistance<\/p>\n<\/li>\n<li>\n<p data-path-to-node=\"17,3,0\">Conforme aux normes ASTM D5229 &#8211; D4585 &#8211; D4585<\/p>\n<\/li>\n<li>\n<p data-path-to-node=\"17,4,0\">Large gamme de couleurs industrielles disponible : jaune, vert for\u00eat, gris aluminium, blanc cr\u00e8me, brun etc.<\/p>\n<\/li>\n<li>\n<p data-path-to-node=\"17,5,0\">Finalement, il est id\u00e9al pour : structures m\u00e9talliques, toiture m\u00e9tallique \u00e9quipements, conteneurs, garde-corps, poutres<\/p>\n<\/li>\n<\/ul>\n<p data-path-to-node=\"18\">Format : 1 gallon (3,78 L)<\/p>\n<\/div>","protected":false},"excerpt":{"rendered":"<div class=\"gs\">\n<div class=\"\">\n<div id=\":4v\" class=\"ii gt adO\">\n<div id=\":4u\" class=\"a3s aiL\">\n<div id=\"avWBGd-181\">\n<div dir=\"auto\">\n<blockquote>\n<p dir=\"ltr\" class=\"translation-block\">Durakor is our premium topcoat designed to enhance and protect visible exterior surfaces. Ideal for sloped metal roofs, steel siding, or wood, it delivers exceptional color richness and durability.<\/p>\n<ul>\n<li dir=\"ltr\" class=\"translation-block\">Vibrant Colors: Available in a range of architectural shades (Blue, Green, Red, Brown, etc.) to enhance the character of your property.<\/li>\n<li dir=\"ltr\" class=\"translation-block\">Superior UV Resistance: Specifically formulated to resist fading caused by sun exposure, keeping your roof or walls looking great longer.<\/li>\n<li dir=\"ltr\" class=\"translation-block\">Durable Satin Finish: Creates a strong surface resistant to scratches and harsh weather conditions (rain, snow, wind).<\/li>\n<li dir=\"ltr\" class=\"translation-block\">Versatile Application: Applies perfectly to properly prepared metal, wood, concrete, or stucco.<\/li>\n<\/ul>\n<\/blockquote>\n<\/div>\n<\/div>\n<\/div>\n<\/div>\n<div id=\"avWBGd-182\" class=\"WhmR8e\" data-hash=\"0\"><\/div>\n<\/div>\n<\/div>","protected":false},"featured_media":1755,"comment_status":"open","ping_status":"closed","template":"","meta":[],"product_brand":[],"product_cat":[24],"product_tag":[],"class_list":{"0":"post-1708","1":"product","2":"type-product","3":"status-publish","4":"has-post-thumbnail","6":"product_cat-peinture-toiture-metallique","8":"first","9":"instock","10":"featured","11":"taxable","12":"shipping-taxable","13":"purchasable","14":"product-type-variable"},"jetpack_sharing_enabled":true,"_links":{"self":[{"href":"https:\/\/noxor.ca\/en\/wp-json\/wp\/v2\/product\/1708","targetHints":{"allow":["GET"]}}],"collection":[{"href":"https:\/\/noxor.ca\/en\/wp-json\/wp\/v2\/product"}],"about":[{"href":"https:\/\/noxor.ca\/en\/wp-json\/wp\/v2\/types\/product"}],"replies":[{"embeddable":true,"href":"https:\/\/noxor.ca\/en\/wp-json\/wp\/v2\/comments?post=1708"}],"wp:featuredmedia":[{"embeddable":true,"href":"https:\/\/noxor.ca\/en\/wp-json\/wp\/v2\/media\/1755"}],"wp:attachment":[{"href":"https:\/\/noxor.ca\/en\/wp-json\/wp\/v2\/media?parent=1708"}],"wp:term":[{"taxonomy":"product_brand","embeddable":true,"href":"https:\/\/noxor.ca\/en\/wp-json\/wp\/v2\/product_brand?post=1708"},{"taxonomy":"product_cat","embeddable":true,"href":"https:\/\/noxor.ca\/en\/wp-json\/wp\/v2\/product_cat?post=1708"},{"taxonomy":"product_tag","embeddable":true,"href":"https:\/\/noxor.ca\/en\/wp-json\/wp\/v2\/product_tag?post=1708"}],"curies":[{"name":"wp","href":"https:\/\/api.w.org\/{rel}","templated":true}]}}