{"id":1696,"date":"2026-01-28T04:18:32","date_gmt":"2026-01-28T04:18:32","guid":{"rendered":"https:\/\/clientnoxor.com\/?post_type=product&#038;p=1696"},"modified":"2026-04-08T13:00:53","modified_gmt":"2026-04-08T13:00:53","slug":"noxseal-pro-rust-peinture-elastomere-pour-toit-metallique","status":"publish","type":"product","link":"https:\/\/noxor.ca\/en\/product\/noxseal-pro-rust-peinture-elastomere-pour-toit-metallique\/","title":{"rendered":"Noxseal PRO-RUST"},"content":{"rendered":"<div class=\"product-details-module__title ec-header-h6\">Product Detail<\/div>\n<div class=\"product-details-module__content\">\n<div id=\"productDescription\" class=\"product-details__product-description\">\n<p><img decoding=\"async\" src=\"https:\/\/s3.amazonaws.com\/images.ecwid.com\/images\/wysiwyg\/product\/23458559\/0\/1693600012545-245054420\/logo_Small_jpg\" \/><\/p>\n<p><strong>Superior Grade<\/strong><\/p>\n<p class=\"translation-block\">3X More Anti-Corrosion Protection\nUV Protection \u2013 Unique in North America for Elastomeric Coatings<\/p>\n<p>Industrial-grade elastomeric coating for roofs and structures.<\/p>\n<p><img decoding=\"async\" src=\"https:\/\/s3.amazonaws.com\/images.ecwid.com\/images\/wysiwyg\/product\/23458559\/172933185\/16540330249412130560964\/livraison_gratuite_horizontal_png\" \/><\/p>\n<p><strong>15-year lifespan.<br \/>\nCouvre jusqu&rsquo;\u00e0 400 pi2 deux couches au rouleau.<\/strong><br \/>\n<strong>Couvre jusqu&rsquo;\u00e0 350 pi2 avec\u00a0<\/strong><strong>pulv\u00e9risateur de peinture airless\u00a0<\/strong>(Utiliser une buse no.521 ou 524)<\/p>\n<p>Single-component, water-based liquid membrane coating made from 100% siliconized acrylic for waterproofing all types of roofs. Suitable for flat roofs, metal roofing, asphalt shingles, as well as walls, wood, concrete, and all steel structures.<\/p>\n<p class=\"translation-block\">Provides X3 anti-corrosion protection (rust protection), meeting the highest standards in North America.\n\nUV protection \u2013 Unique in North America for elastomeric coatings.\n\nExtreme adhesion and elasticity, up to 240%.\n\nWaterproofs, seals, and protects roofing surfaces against water infiltration by forming a thick, seamless membrane.\n\nIndustry-leading warranty: 15 years.<\/p>\n<p><u>COLORS<\/u><\/p>\n<p><img decoding=\"async\" class=\"alignnone wp-image-3639\" src=\"https:\/\/noxor.ca\/wp-content\/uploads\/2026\/01\/couleur-300x51.jpg\" alt=\"\" width=\"477\" height=\"81\" srcset=\"https:\/\/noxor.ca\/wp-content\/uploads\/2026\/01\/couleur-300x51.jpg 300w, https:\/\/noxor.ca\/wp-content\/uploads\/2026\/01\/couleur-18x3.jpg 18w, https:\/\/noxor.ca\/wp-content\/uploads\/2026\/01\/couleur-600x102.jpg 600w, https:\/\/noxor.ca\/wp-content\/uploads\/2026\/01\/couleur.jpg 733w\" sizes=\"(max-width: 477px) 100vw, 477px\" \/><\/p>\n<p>Available in multiple colors:<\/p>\n<p class=\"translation-block\">Black\nDark Gray (Sico Color: Lava)\nLight Gray (Custom-Developed Color)\nWhite<\/p>\n<p><strong>Color samples shown above are for reference only. Actual colors may vary depending on your screen settings.<\/strong><\/p>\n<p>White coating can reduce heat absorption by up to 83% through solar reflectance, making it an energy-efficient solution.<\/p>\n<p class=\"translation-block\">Application: Brush, roller, or airless sprayer.\nWhen applied by roller, coverage is approximately 400 square feet per 5 gallons, two coats.\nWhen applied with an airless sprayer, coverage is approximately 350 square feet per 5 gallons, two coats.<\/p>\n<p class=\"translation-block\">Application temperature: Between 10\u00b0C and 30\u00b0C (50\u00b0F to 86\u00b0F) for 24 hours.\nNo rain within 18 hours after application.<\/p>\n<p><a title=\"Fiche Signal\u00e9tique\" href=\"https:\/\/noxor.ca\/wp-content\/uploads\/2026\/01\/NOXSEAL.PRO-FICHE.SIGNALETIQUE.pdf\">Fiche Signal\u00e9tique<\/a><\/p>\n<\/div>\n<\/div>","protected":false},"excerpt":{"rendered":"<p>Peinture \u00e9lastom\u00e8re anti-corrosion industrielle pour m\u00e9tal rouill\u00e9<\/p>\n<p>NOXSEAL PRO RUST est un rev\u00eatement \u00e9lastom\u00e8re haute densit\u00e9 sp\u00e9cialement formul\u00e9 pour les surfaces fortement rouill\u00e9es et les environnements industriels exigeants.<\/p>\n<p>Sa formule avanc\u00e9e p\u00e9n\u00e8tre dans la rouille existante, stabilise la corrosion et cr\u00e9e une barri\u00e8re protectrice ultra-r\u00e9sistante contre l\u2019oxydation et l\u2019humidit\u00e9.<\/p>\n<p>Con\u00e7u pour les conditions extr\u00eames, il est id\u00e9al pour les b\u00e2timents agricoles, industriels et les toitures m\u00e9talliques tr\u00e8s oxyd\u00e9es.<\/p>\n<p>\u2714\ufe0f Neutralise et bloque la corrosion<br \/>\n\u2714\ufe0f Id\u00e9al pour m\u00e9tal rouill\u00e9 et surfaces industrielles<br \/>\n\u2714\ufe0f R\u00e9sistance maximale aux intemp\u00e9ries<br \/>\n\u2714\ufe0f Application airless professionnelle<br \/>\n\u2714\ufe0f Protection durable longue dur\u00e9e<\/p>\n<p>La solution ultime pour arr\u00eater la rouille et prot\u00e9ger le m\u00e9tal pour des ann\u00e9es.<\/p>","protected":false},"featured_media":3061,"comment_status":"open","ping_status":"closed","template":"","meta":[],"product_brand":[],"product_cat":[24],"product_tag":[],"class_list":{"0":"post-1696","1":"product","2":"type-product","3":"status-publish","4":"has-post-thumbnail","6":"product_cat-peinture-toiture-metallique","8":"first","9":"instock","10":"featured","11":"taxable","12":"shipping-taxable","13":"purchasable","14":"product-type-variable"},"jetpack_sharing_enabled":true,"_links":{"self":[{"href":"https:\/\/noxor.ca\/en\/wp-json\/wp\/v2\/product\/1696","targetHints":{"allow":["GET"]}}],"collection":[{"href":"https:\/\/noxor.ca\/en\/wp-json\/wp\/v2\/product"}],"about":[{"href":"https:\/\/noxor.ca\/en\/wp-json\/wp\/v2\/types\/product"}],"replies":[{"embeddable":true,"href":"https:\/\/noxor.ca\/en\/wp-json\/wp\/v2\/comments?post=1696"}],"wp:featuredmedia":[{"embeddable":true,"href":"https:\/\/noxor.ca\/en\/wp-json\/wp\/v2\/media\/3061"}],"wp:attachment":[{"href":"https:\/\/noxor.ca\/en\/wp-json\/wp\/v2\/media?parent=1696"}],"wp:term":[{"taxonomy":"product_brand","embeddable":true,"href":"https:\/\/noxor.ca\/en\/wp-json\/wp\/v2\/product_brand?post=1696"},{"taxonomy":"product_cat","embeddable":true,"href":"https:\/\/noxor.ca\/en\/wp-json\/wp\/v2\/product_cat?post=1696"},{"taxonomy":"product_tag","embeddable":true,"href":"https:\/\/noxor.ca\/en\/wp-json\/wp\/v2\/product_tag?post=1696"}],"curies":[{"name":"wp","href":"https:\/\/api.w.org\/{rel}","templated":true}]}}