{"id":1672,"date":"2026-01-28T03:55:22","date_gmt":"2026-01-28T03:55:22","guid":{"rendered":"https:\/\/clientnoxor.com\/?post_type=product&#038;p=1672"},"modified":"2026-03-03T20:36:00","modified_gmt":"2026-03-03T20:36:00","slug":"500-vis-de-remplacements-vis-3-8-type-14x2","status":"publish","type":"product","link":"https:\/\/noxor.ca\/en\/product\/500-vis-de-remplacements-vis-3-8-type-14x2\/","title":{"rendered":"3\/8 Replacement Screws, Type 14\u00d72"},"content":{"rendered":"<div class=\"container\">\n<div id=\"model-response-message-contentr_9af6c234403e053e\" class=\"markdown markdown-main-panel enable-updated-hr-color preserve-whitespaces-in-response\" dir=\"ltr\" aria-live=\"polite\" aria-busy=\"false\">\n<p data-path-to-node=\"12\">Ce paquet de vis de remplacement est indispensable pour la pr\u00e9paration de votre toiture m\u00e9tallique avant l&rsquo;application de l&rsquo;enduit. En effet, en rempla\u00e7ant les vis d\u00e9fectueuses, rouill\u00e9es ou manquantes, vous vous assurez que la t\u00f4le est solidement ancr\u00e9e \u00e0 la structure. De plus, cela emp\u00eachera les infiltrations d&rsquo;eau et le soul\u00e8vement lors de grands vents.<\/p>\n<ul data-path-to-node=\"13\">\n<li>\n<p data-path-to-node=\"13,0,0\"><b data-path-to-node=\"13,0,0\" data-index-in-node=\"0\">T\u00eate avec Rondelle EPDM<\/b> : La rondelle de caoutchouc int\u00e9gr\u00e9e (EPDM) cr\u00e9e une \u00e9tanch\u00e9it\u00e9 parfaite autour du trou, emp\u00eachant l&rsquo;eau de s&rsquo;infiltrer.<\/p>\n<\/li>\n<li>\n<p data-path-to-node=\"13,1,0\"><b data-path-to-node=\"13,1,0\" data-index-in-node=\"0\">Pointe Autoperceuse<\/b> : Con\u00e7ue pour percer le m\u00e9tal sans avoir \u00e0 \u00ab\u00a0pr\u00e9-percer\u00a0\u00bb un trou.<\/p>\n<\/li>\n<li>\n<p data-path-to-node=\"13,2,0\"><b data-path-to-node=\"13,2,0\" data-index-in-node=\"0\">Rev\u00eatement Anticorrosion<\/b> : Acier galvanis\u00e9 pour r\u00e9sister durablement aux intemp\u00e9ries.<\/p>\n<\/li>\n<li>\n<p data-path-to-node=\"13,3,0\"><b data-path-to-node=\"13,3,0\" data-index-in-node=\"0\">Finalement<\/b>, un bon vissage est essentiel pour assurer l&rsquo;\u00e9tanch\u00e9it\u00e9 totale de votre toiture.<\/p>\n<\/li>\n<\/ul>\n<\/div>\n<\/div>","protected":false},"excerpt":{"rendered":"<div class=\"gs\">\n<div class=\"\">\n<div id=\":4m\" class=\"ii gt adO\">\n<div id=\":4l\" class=\"a3s aiL\">\n<div dir=\"auto\">\n<blockquote>\n<p dir=\"ltr\" class=\"translation-block\">This 500-pack of replacement screws is essential for preparing your metal roof prior to applying ProRust coating. Designed with a slightly larger diameter, they allow you to securely refasten metal sheets where old screws or nails have loosened.<\/p>\n<ul>\n<li dir=\"ltr\" class=\"translation-block\">EPDM Washer Head: The neoprene (EPDM) rubber washer creates an immediate watertight seal around the fastener, preventing water from penetrating along the screw.<\/li>\n<li dir=\"ltr\" class=\"translation-block\">Superior Holding Power: Ideal for replacing roofing nails that back out due to freeze-thaw cycles.<\/li>\n<li dir=\"ltr\" class=\"translation-block\">Anti-Corrosion Treatment: High-strength galvanized steel designed to last as long as your new coating.<\/li>\n<li dir=\"ltr\" class=\"translation-block\">Pro Tip: Inspect and replace all loose or missing fasteners before cleaning and applying ProRust to ensure a fully watertight system.<\/li>\n<\/ul>\n<\/blockquote>\n<\/div>\n<\/div>\n<\/div>\n<div id=\"avWBGd-170\" class=\"WhmR8e\" data-hash=\"0\"><\/div>\n<\/div>\n<\/div>","protected":false},"featured_media":3299,"comment_status":"open","ping_status":"closed","template":"","meta":[],"product_brand":[],"product_cat":[27],"product_tag":[],"class_list":{"0":"post-1672","1":"product","2":"type-product","3":"status-publish","4":"has-post-thumbnail","6":"product_cat-accessoires-toiture","8":"first","9":"instock","10":"taxable","11":"shipping-taxable","12":"purchasable","13":"product-type-simple"},"jetpack_sharing_enabled":true,"_links":{"self":[{"href":"https:\/\/noxor.ca\/en\/wp-json\/wp\/v2\/product\/1672","targetHints":{"allow":["GET"]}}],"collection":[{"href":"https:\/\/noxor.ca\/en\/wp-json\/wp\/v2\/product"}],"about":[{"href":"https:\/\/noxor.ca\/en\/wp-json\/wp\/v2\/types\/product"}],"replies":[{"embeddable":true,"href":"https:\/\/noxor.ca\/en\/wp-json\/wp\/v2\/comments?post=1672"}],"wp:featuredmedia":[{"embeddable":true,"href":"https:\/\/noxor.ca\/en\/wp-json\/wp\/v2\/media\/3299"}],"wp:attachment":[{"href":"https:\/\/noxor.ca\/en\/wp-json\/wp\/v2\/media?parent=1672"}],"wp:term":[{"taxonomy":"product_brand","embeddable":true,"href":"https:\/\/noxor.ca\/en\/wp-json\/wp\/v2\/product_brand?post=1672"},{"taxonomy":"product_cat","embeddable":true,"href":"https:\/\/noxor.ca\/en\/wp-json\/wp\/v2\/product_cat?post=1672"},{"taxonomy":"product_tag","embeddable":true,"href":"https:\/\/noxor.ca\/en\/wp-json\/wp\/v2\/product_tag?post=1672"}],"curies":[{"name":"wp","href":"https:\/\/api.w.org\/{rel}","templated":true}]}}