{"id":1463,"date":"2026-01-27T03:37:09","date_gmt":"2026-01-27T03:37:09","guid":{"rendered":"https:\/\/clientnoxor.com\/?post_type=product&#038;p=1463"},"modified":"2026-03-03T23:19:40","modified_gmt":"2026-03-03T23:19:40","slug":"kit-renovation-toiture-vr-100-silicone-premium","status":"publish","type":"product","link":"https:\/\/noxor.ca\/en\/product\/kit-renovation-toiture-vr-100-silicone-premium\/","title":{"rendered":"RV Roof Renovation Kit \u2013 100% Silicone (Premium)"},"content":{"rendered":"<p data-path-to-node=\"3\">Ce <b data-path-to-node=\"3\" data-index-in-node=\"3\">kit de r\u00e9novation de toiture<\/b> complet est con\u00e7u pour couvrir de 32 \u00e0 52 pieds carr\u00e9s avec une protection haut de gamme. En effet, sa technologie 100 % silicone offre une teneur en solide de grade industriel. De plus, ce produit est reconnu comme la meilleure solution sur le march\u00e9 actuel.<\/p>\n<p data-path-to-node=\"4\"><b data-path-to-node=\"4\" data-index-in-node=\"0\">The kit includes:<\/b><\/p>\n<ul data-path-to-node=\"5\">\n<li>\n<p data-path-to-node=\"5,0,0\">un 5 gallons de NoxSilicone 55.<\/p>\n<\/li>\n<li>\n<p data-path-to-node=\"5,1,0\">1 paquet de 2 rouleaux sp\u00e9cialis\u00e9s.<\/p>\n<\/li>\n<li>\n<p data-path-to-node=\"5,2,0\">1 litre de d\u00e9graissant haute performance.<\/p>\n<\/li>\n<li>\n<p data-path-to-node=\"5,3,0\">Un rouleau de NoxTape.<\/p>\n<\/li>\n<\/ul>\n<p data-path-to-node=\"6\"><b data-path-to-node=\"6\" data-index-in-node=\"0\">Pourquoi choisir ce kit ?<\/b><\/p>\n<ul data-path-to-node=\"7\">\n<li>\n<p data-path-to-node=\"7,0,0\"><b data-path-to-node=\"7,0,0\" data-index-in-node=\"0\">Protection UV totale<\/b> : Le silicone est insensible aux rayons du soleil. Il reste flexible et ne craque pas avec le temps.<\/p>\n<\/li>\n<li>\n<p data-path-to-node=\"7,1,0\"><b data-path-to-node=\"7,1,0\" data-index-in-node=\"0\">R\u00e9sistance \u00e0 l&rsquo;eau<\/b> : Cette membrane imperm\u00e9able r\u00e9siste \u00e0 l\u2019eau stagnante (<i data-path-to-node=\"7,1,0\" data-index-in-node=\"75\">ponding water<\/i>) sans se d\u00e9grader.<\/p>\n<\/li>\n<li>\n<p data-path-to-node=\"7,2,0\"><b data-path-to-node=\"7,2,0\" data-index-in-node=\"0\">Application facile<\/b> : Il s&rsquo;utilise sans appr\u00eat sur la plupart des surfaces de VR.<\/p>\n<\/li>\n<li>\n<p data-path-to-node=\"7,3,0\"><b data-path-to-node=\"7,3,0\" data-index-in-node=\"0\">Finalement<\/b>, c&rsquo;est le choix num\u00e9ro un adopt\u00e9 par les plus grands professionnels du milieu.<\/p>\n<\/li>\n<\/ul>","protected":false},"excerpt":{"rendered":"<div class=\"gs\">\n<div class=\"\">\n<div id=\":37\" class=\"ii gt adO\">\n<div id=\":36\" class=\"a3s aiL\">\n<div id=\"avWBGd-101\">\n<div dir=\"auto\">\n<blockquote>\n<p dir=\"ltr\" class=\"translation-block\">This Premium Silicone kit is the ultimate protection solution for recreational vehicle roofs. It uses NoxSilicone technology to create a permanent inorganic membrane that resists standing water (pooling water) without ever peeling.<\/p>\n<ul>\n<li dir=\"ltr\" class=\"translation-block\">Included in the kit: 100% Silicone liquid membrane, NoxCleaner preparatory cleaner, and NoxTape reinforcement tape.<\/li>\n<li dir=\"ltr\" class=\"translation-block\">Why Silicone? Unlike standard coatings, it is UV-resistant and remains flexible for life, regardless of extreme temperature variations.<\/li>\n<li dir=\"ltr\" class=\"translation-block\">Maximum durability: Ideal for stationary RVs or those exposed to constant weather conditions.<\/li>\n<li dir=\"ltr\" class=\"translation-block\">Usage: Easy single-coat application after surface preparation.<\/li>\n<\/ul>\n<div class=\"yj6qo ajU\">\n<div id=\":3h\" class=\"ajR\" role=\"button\" data-tooltip=\"Afficher le contenu abr\u00e9g\u00e9\" aria-label=\"Afficher le contenu abr\u00e9g\u00e9\" aria-expanded=\"false\"><img decoding=\"async\" class=\"ajT\" src=\"https:\/\/ssl.gstatic.com\/ui\/v1\/icons\/mail\/images\/cleardot.gif\" \/><\/div>\n<\/div>\n<\/blockquote>\n<\/div>\n<\/div>\n<\/div>\n<\/div>\n<\/div>\n<\/div>","protected":false},"featured_media":1931,"comment_status":"open","ping_status":"closed","template":"","meta":[],"product_brand":[],"product_cat":[28],"product_tag":[],"class_list":{"0":"post-1463","1":"product","2":"type-product","3":"status-publish","4":"has-post-thumbnail","6":"product_cat-kits-toiture","8":"first","9":"instock","10":"taxable","11":"shipping-taxable","12":"purchasable","13":"product-type-simple"},"jetpack_sharing_enabled":true,"_links":{"self":[{"href":"https:\/\/noxor.ca\/en\/wp-json\/wp\/v2\/product\/1463","targetHints":{"allow":["GET"]}}],"collection":[{"href":"https:\/\/noxor.ca\/en\/wp-json\/wp\/v2\/product"}],"about":[{"href":"https:\/\/noxor.ca\/en\/wp-json\/wp\/v2\/types\/product"}],"replies":[{"embeddable":true,"href":"https:\/\/noxor.ca\/en\/wp-json\/wp\/v2\/comments?post=1463"}],"wp:featuredmedia":[{"embeddable":true,"href":"https:\/\/noxor.ca\/en\/wp-json\/wp\/v2\/media\/1931"}],"wp:attachment":[{"href":"https:\/\/noxor.ca\/en\/wp-json\/wp\/v2\/media?parent=1463"}],"wp:term":[{"taxonomy":"product_brand","embeddable":true,"href":"https:\/\/noxor.ca\/en\/wp-json\/wp\/v2\/product_brand?post=1463"},{"taxonomy":"product_cat","embeddable":true,"href":"https:\/\/noxor.ca\/en\/wp-json\/wp\/v2\/product_cat?post=1463"},{"taxonomy":"product_tag","embeddable":true,"href":"https:\/\/noxor.ca\/en\/wp-json\/wp\/v2\/product_tag?post=1463"}],"curies":[{"name":"wp","href":"https:\/\/api.w.org\/{rel}","templated":true}]}}