{"id":1455,"date":"2026-01-27T03:24:44","date_gmt":"2026-01-27T03:24:44","guid":{"rendered":"https:\/\/clientnoxor.com\/?post_type=product&#038;p=1455"},"modified":"2026-03-03T22:58:47","modified_gmt":"2026-03-03T22:58:47","slug":"kit-dimpermeabilisation-pour-roulotte-8x9pieds","status":"publish","type":"product","link":"https:\/\/noxor.ca\/en\/product\/kit-dimpermeabilisation-pour-roulotte-8x9pieds\/","title":{"rendered":"Waterproofing Kit for 8x9 ft Trailer"},"content":{"rendered":"<div class=\"container\">\n<div id=\"model-response-message-contentr_c9ea5bd90ac0eec6\" class=\"markdown markdown-main-panel enable-updated-hr-color\" dir=\"ltr\" aria-live=\"polite\" aria-busy=\"false\">\n<p data-path-to-node=\"11\">Ce <b data-path-to-node=\"11\" data-index-in-node=\"3\">kit d&rsquo;imperm\u00e9abilisation<\/b> est un ensemble sp\u00e9cialement assembl\u00e9 pour la r\u00e9novation compl\u00e8te d&rsquo;une toiture de roulotte ou de VR. En effet, il contient tous les outils n\u00e9cessaires pour un travail professionnel. De plus, ce kit couvre une superficie de toit allant jusqu&rsquo;\u00e0 150 pieds carr\u00e9s.<\/p>\n<p data-path-to-node=\"12\">The kit includes:<\/p>\n<ul data-path-to-node=\"13\">\n<li>\n<p data-path-to-node=\"13,0,0\">Rouleau 30 mm.<\/p>\n<\/li>\n<li>\n<p data-path-to-node=\"13,1,0\">Un petit rouleau avec manche de 2 pouces.<\/p>\n<\/li>\n<li>\n<p data-path-to-node=\"13,2,0\">Pinceau \u00e0 poils longs 2 pouces.<\/p>\n<\/li>\n<li>\n<p data-path-to-node=\"13,3,0\">Un squeegee 12 pouces.<\/p>\n<\/li>\n<li>\n<p data-path-to-node=\"13,4,0\">500 ml de d\u00e9graissant NOX pour le nettoyage.<\/p>\n<\/li>\n<li>\n<p data-path-to-node=\"13,5,0\">Une brosse \u00e0 m\u00e9tal pour brosser le tour des joints sur les ouvertures du VR.<\/p>\n<\/li>\n<li>\n<p data-path-to-node=\"13,6,0\">Finalement, ce kit vous permet d&rsquo;\u00e9liminer les fuites et de prot\u00e9ger votre investissement durablement.<\/p>\n<\/li>\n<\/ul>\n<\/div>\n<\/div>","protected":false},"excerpt":{"rendered":"<div class=\"gs\">\n<div class=\"\">\n<div id=\":34\" class=\"ii gt adO\">\n<div id=\":33\" class=\"a3s aiL\">\n<div id=\"avWBGd-97\">\n<div dir=\"auto\">\n<blockquote>\n<p dir=\"ltr\" class=\"translation-block\">This all-in-one kit is specially assembled for the complete renovation of a trailer or RV roof (surface up to 8\u2032 x 9\u2032). It eliminates guesswork by providing the exact quantity of products and the right professional tools.<\/p>\n<ul>\n<li dir=\"ltr\" class=\"translation-block\">Turnkey Solution: Contains the waterproofing membrane, cleaner, and all necessary applicators.<\/li>\n<li dir=\"ltr\" class=\"translation-block\">RV-Specific: The included membrane is selected for its extreme flexibility, resistant to road vibrations and UV rays.<\/li>\n<li dir=\"ltr\" class=\"translation-block\">Included in the box: Product pail, rollers, cutting brush, reinforcement tape (mesh), gloves, and preparation brush.<\/li>\n<li dir=\"ltr\" class=\"translation-block\">Usage: Ideal for DIYers who want to waterproof their RV in one weekend.<\/li>\n<\/ul>\n<div class=\"yj6qo ajU\">\n<div id=\":3e\" class=\"ajR\" role=\"button\" data-tooltip=\"Afficher le contenu abr\u00e9g\u00e9\" aria-label=\"Afficher le contenu abr\u00e9g\u00e9\" aria-expanded=\"false\"><img decoding=\"async\" class=\"ajT\" src=\"https:\/\/ssl.gstatic.com\/ui\/v1\/icons\/mail\/images\/cleardot.gif\" \/><\/div>\n<\/div>\n<\/blockquote>\n<\/div>\n<\/div>\n<\/div>\n<\/div>\n<div id=\"avWBGd-98\" class=\"WhmR8e\" data-hash=\"0\"><\/div>\n<\/div>\n<\/div>","protected":false},"featured_media":1458,"comment_status":"open","ping_status":"closed","template":"","meta":[],"product_brand":[],"product_cat":[28],"product_tag":[],"class_list":{"0":"post-1455","1":"product","2":"type-product","3":"status-publish","4":"has-post-thumbnail","6":"product_cat-kits-toiture","8":"first","9":"instock","10":"taxable","11":"shipping-taxable","12":"purchasable","13":"product-type-simple"},"jetpack_sharing_enabled":true,"_links":{"self":[{"href":"https:\/\/noxor.ca\/en\/wp-json\/wp\/v2\/product\/1455","targetHints":{"allow":["GET"]}}],"collection":[{"href":"https:\/\/noxor.ca\/en\/wp-json\/wp\/v2\/product"}],"about":[{"href":"https:\/\/noxor.ca\/en\/wp-json\/wp\/v2\/types\/product"}],"replies":[{"embeddable":true,"href":"https:\/\/noxor.ca\/en\/wp-json\/wp\/v2\/comments?post=1455"}],"wp:featuredmedia":[{"embeddable":true,"href":"https:\/\/noxor.ca\/en\/wp-json\/wp\/v2\/media\/1458"}],"wp:attachment":[{"href":"https:\/\/noxor.ca\/en\/wp-json\/wp\/v2\/media?parent=1455"}],"wp:term":[{"taxonomy":"product_brand","embeddable":true,"href":"https:\/\/noxor.ca\/en\/wp-json\/wp\/v2\/product_brand?post=1455"},{"taxonomy":"product_cat","embeddable":true,"href":"https:\/\/noxor.ca\/en\/wp-json\/wp\/v2\/product_cat?post=1455"},{"taxonomy":"product_tag","embeddable":true,"href":"https:\/\/noxor.ca\/en\/wp-json\/wp\/v2\/product_tag?post=1455"}],"curies":[{"name":"wp","href":"https:\/\/api.w.org\/{rel}","templated":true}]}}