{"id":1452,"date":"2026-01-27T03:11:56","date_gmt":"2026-01-27T03:11:56","guid":{"rendered":"https:\/\/clientnoxor.com\/?post_type=product&#038;p=1452"},"modified":"2026-03-03T20:28:22","modified_gmt":"2026-03-03T20:28:22","slug":"squeegee-24-pouce-acier-inoxydable","status":"publish","type":"product","link":"https:\/\/noxor.ca\/en\/product\/squeegee-24-pouce-acier-inoxydable\/","title":{"rendered":"Squeegee 24 inch stainless steel"},"content":{"rendered":"<p data-path-to-node=\"12\">Ce squeegee 24 pouces (raclette industrielle) est l&rsquo;outil de pr\u00e9dilection pour niveler l&rsquo;asphalte sur les grandes surfaces de toiture. En effet, sa lame en acier inoxydable permet d&rsquo;\u00e9taler uniform\u00e9ment vos produits. De plus, il vous assure un travail de qualit\u00e9 professionnelle.<\/p>\n<ul data-path-to-node=\"13\">\n<li>\n<p data-path-to-node=\"13,0,0\"><b data-path-to-node=\"13,0,0\" data-index-in-node=\"0\">Gain de temps<\/b> : Couvre les pieds carr\u00e9s beaucoup plus vite qu&rsquo;un rouleau.<\/p>\n<\/li>\n<li>\n<p data-path-to-node=\"13,1,0\"><b data-path-to-node=\"13,1,0\" data-index-in-node=\"0\">Contr\u00f4le d&rsquo;\u00e9paisseur<\/b> : Permet de glisser le produit sans accroc sur la surface en comblant les fissures.<\/p>\n<\/li>\n<li>\n<p data-path-to-node=\"13,2,0\"><b data-path-to-node=\"13,2,0\" data-index-in-node=\"0\">Durability<\/b> : Lame en acier robuste qui ne pliera jamais sous la lourdeur de l&rsquo;enduit.<\/p>\n<\/li>\n<li>\n<p data-path-to-node=\"13,3,0\"><b data-path-to-node=\"13,3,0\" data-index-in-node=\"0\">Finalement<\/b>, il est id\u00e9al pour \u00e9taler rapidement le NoxSeal et le NoxSilicone (recommandation en tandem avec la technique du \u00ab\u00a0back rolling\u00a0\u00bb).<\/p>\n<\/li>\n<\/ul>","protected":false},"excerpt":{"rendered":"<p dir=\"ltr\">The 24-inch industrial squeegee is the ultimate productivity tool for large roofing surfaces. Its stainless steel blade allows liquid membranes to be spread with millimeter precision.<\/p>\n<ul>\n<li dir=\"ltr\" class=\"translation-block\">Time Saving: Covers square footage much faster than a roller.<\/li>\n<li dir=\"ltr\" class=\"translation-block\">Thickness Control: Allows you to pull the product to achieve the exact recommended coverage rate (mils) without waste.<\/li>\n<li dir=\"ltr\" class=\"translation-block\">Durability: Robust stainless steel blade that resists corrosion and is easy to clean.<\/li>\n<li dir=\"ltr\" class=\"translation-block\">Usage: Essential for quickly spreading NoxSeal and NoxSilicone before leveling with a roller (\u201cBack-rolling\u201d technique).<\/li>\n<\/ul>","protected":false},"featured_media":3298,"comment_status":"open","ping_status":"closed","template":"","meta":[],"product_brand":[],"product_cat":[27],"product_tag":[],"class_list":{"0":"post-1452","1":"product","2":"type-product","3":"status-publish","4":"has-post-thumbnail","6":"product_cat-accessoires-toiture","8":"first","9":"instock","10":"taxable","11":"shipping-taxable","12":"purchasable","13":"product-type-simple"},"jetpack_sharing_enabled":true,"_links":{"self":[{"href":"https:\/\/noxor.ca\/en\/wp-json\/wp\/v2\/product\/1452","targetHints":{"allow":["GET"]}}],"collection":[{"href":"https:\/\/noxor.ca\/en\/wp-json\/wp\/v2\/product"}],"about":[{"href":"https:\/\/noxor.ca\/en\/wp-json\/wp\/v2\/types\/product"}],"replies":[{"embeddable":true,"href":"https:\/\/noxor.ca\/en\/wp-json\/wp\/v2\/comments?post=1452"}],"wp:featuredmedia":[{"embeddable":true,"href":"https:\/\/noxor.ca\/en\/wp-json\/wp\/v2\/media\/3298"}],"wp:attachment":[{"href":"https:\/\/noxor.ca\/en\/wp-json\/wp\/v2\/media?parent=1452"}],"wp:term":[{"taxonomy":"product_brand","embeddable":true,"href":"https:\/\/noxor.ca\/en\/wp-json\/wp\/v2\/product_brand?post=1452"},{"taxonomy":"product_cat","embeddable":true,"href":"https:\/\/noxor.ca\/en\/wp-json\/wp\/v2\/product_cat?post=1452"},{"taxonomy":"product_tag","embeddable":true,"href":"https:\/\/noxor.ca\/en\/wp-json\/wp\/v2\/product_tag?post=1452"}],"curies":[{"name":"wp","href":"https:\/\/api.w.org\/{rel}","templated":true}]}}