{"id":1439,"date":"2026-01-27T02:58:02","date_gmt":"2026-01-27T02:58:02","guid":{"rendered":"https:\/\/clientnoxor.com\/?post_type=product&#038;p=1439"},"modified":"2026-03-03T19:55:53","modified_gmt":"2026-03-03T19:55:53","slug":"tip-523-graco-pour-pulverisation-du-produit-noxseal","status":"publish","type":"product","link":"https:\/\/noxor.ca\/en\/product\/tip-523-graco-pour-pulverisation-du-produit-noxseal\/","title":{"rendered":"Airless Spray Tip \u2013 Graco 523"},"content":{"rendered":"<p data-path-to-node=\"12\">Cette buse de pulv\u00e9risation r\u00e9versible Graco 523 est la r\u00e9f\u00e9rence industrielle pour l&rsquo;application rapide des enduits de toiture. En effet, son orifice de 0.023&Prime; offre le d\u00e9bit parfait pour vos travaux. De plus, elle assure une couverture optimale sans effort.<\/p>\n<ul data-path-to-node=\"13\">\n<li>\n<p data-path-to-node=\"13,0,0\"><b data-path-to-node=\"13,0,0\" data-index-in-node=\"0\">Technologie SwitchTip<\/b> : Permet de d\u00e9boucher la buse instantan\u00e9ment d&rsquo;un simple demi-tour (fini les arr\u00eats de travail).<\/p>\n<\/li>\n<li>\n<p data-path-to-node=\"13,1,0\"><b data-path-to-node=\"13,1,0\" data-index-in-node=\"0\">Largeur de jet<\/b> : Produit un \u00e9ventail de 10 \u00e0 12 pouces pour une couverture optimale.<\/p>\n<\/li>\n<li>\n<p data-path-to-node=\"13,2,0\"><b data-path-to-node=\"13,2,0\" data-index-in-node=\"0\">Application<\/b> : Con\u00e7ue sp\u00e9cifiquement pour pulv\u00e9riser des enduits \u00e9pais comme l&rsquo;\u00e9lastom\u00e8re Noxor.<\/p>\n<\/li>\n<li>\n<p data-path-to-node=\"13,3,0\"><b data-path-to-node=\"13,3,0\" data-index-in-node=\"0\">Finalement<\/b>, c&rsquo;est l&rsquo;outil id\u00e9al pour peinturer ou appliquer un scellant sur de grandes surfaces.<\/p>\n<\/li>\n<\/ul>","protected":false},"excerpt":{"rendered":"<div class=\"gs\">\n<div class=\"\">\n<div id=\":2y\" class=\"ii gt adO\">\n<div id=\":2x\" class=\"a3s aiL\">\n<div id=\"avWBGd-89\">\n<div dir=\"auto\">\n<blockquote>\n<p dir=\"ltr\" class=\"translation-block\">The reversible Graco 523 (RAC X) tip is the industry standard for the fast application of roofing coatings. Its 0.021\u2033 orifice provides the ideal flow rate to atomize liquid membranes like NoxSeal without overloading the pump.<\/p>\n<ul>\n<li dir=\"ltr\" class=\"translation-block\">SwitchTip Technology: Allows you to unclog the tip instantly by simply reversing it (no more work stoppages).<\/li>\n<li dir=\"ltr\" class=\"translation-block\">Spray Width: Produces a 10 to 12-inch fan pattern to cover large surfaces quickly.<\/li>\n<li dir=\"ltr\" class=\"translation-block\">Durability: Made of durable carbide to withstand abrasion from industrial paints.<\/li>\n<li dir=\"ltr\" class=\"translation-block\">Usage: Essential for a smooth and uniform finish with an airless sprayer.<\/li>\n<\/ul>\n<div class=\"yj6qo ajU\">\n<div id=\":38\" class=\"ajR\" role=\"button\" data-tooltip=\"Afficher le contenu abr\u00e9g\u00e9\" aria-label=\"Afficher le contenu abr\u00e9g\u00e9\" aria-expanded=\"false\"><img decoding=\"async\" class=\"ajT\" src=\"https:\/\/ssl.gstatic.com\/ui\/v1\/icons\/mail\/images\/cleardot.gif\" \/><\/div>\n<\/div>\n<\/blockquote>\n<\/div>\n<\/div>\n<\/div>\n<\/div>\n<\/div>\n<\/div>","protected":false},"featured_media":3293,"comment_status":"open","ping_status":"closed","template":"","meta":[],"product_brand":[],"product_cat":[27],"product_tag":[],"class_list":{"0":"post-1439","1":"product","2":"type-product","3":"status-publish","4":"has-post-thumbnail","6":"product_cat-accessoires-toiture","8":"first","9":"instock","10":"taxable","11":"shipping-taxable","12":"purchasable","13":"product-type-simple"},"jetpack_sharing_enabled":true,"_links":{"self":[{"href":"https:\/\/noxor.ca\/en\/wp-json\/wp\/v2\/product\/1439","targetHints":{"allow":["GET"]}}],"collection":[{"href":"https:\/\/noxor.ca\/en\/wp-json\/wp\/v2\/product"}],"about":[{"href":"https:\/\/noxor.ca\/en\/wp-json\/wp\/v2\/types\/product"}],"replies":[{"embeddable":true,"href":"https:\/\/noxor.ca\/en\/wp-json\/wp\/v2\/comments?post=1439"}],"wp:featuredmedia":[{"embeddable":true,"href":"https:\/\/noxor.ca\/en\/wp-json\/wp\/v2\/media\/3293"}],"wp:attachment":[{"href":"https:\/\/noxor.ca\/en\/wp-json\/wp\/v2\/media?parent=1439"}],"wp:term":[{"taxonomy":"product_brand","embeddable":true,"href":"https:\/\/noxor.ca\/en\/wp-json\/wp\/v2\/product_brand?post=1439"},{"taxonomy":"product_cat","embeddable":true,"href":"https:\/\/noxor.ca\/en\/wp-json\/wp\/v2\/product_cat?post=1439"},{"taxonomy":"product_tag","embeddable":true,"href":"https:\/\/noxor.ca\/en\/wp-json\/wp\/v2\/product_tag?post=1439"}],"curies":[{"name":"wp","href":"https:\/\/api.w.org\/{rel}","templated":true}]}}