{"id":1386,"date":"2026-01-27T01:39:43","date_gmt":"2026-01-27T01:39:43","guid":{"rendered":"https:\/\/clientnoxor.com\/?post_type=product&#038;p=1386"},"modified":"2026-03-03T19:43:22","modified_gmt":"2026-03-03T19:43:22","slug":"1386","status":"publish","type":"product","link":"https:\/\/noxor.ca\/en\/product\/1386\/","title":{"rendered":"Industrial Mixer"},"content":{"rendered":"<p data-path-to-node=\"12\">Ce m\u00e9langeur industriel est l&rsquo;outil indispensable pour la pr\u00e9paration de vos chaudi\u00e8res de NoxSeal et NoxSilicone. En effet, il est con\u00e7u pour soulever les polym\u00e8res lourds d\u00e9pos\u00e9s au fond du seau. De plus, sa conception unique assure un travail propre et efficace.<\/p>\n<ul data-path-to-node=\"13\">\n<li>\n<p data-path-to-node=\"13,0,0\"><b data-path-to-node=\"13,0,0\" data-index-in-node=\"0\">M\u00e9lange Sans Bulles<\/b> : Sa t\u00eate h\u00e9lico\u00efdale brasse le produit du bas en haut, sans \u00e9claboussure ni introduction d&rsquo;air (ce qui cr\u00e9erait des bulles sur la toiture).<\/p>\n<\/li>\n<li>\n<p data-path-to-node=\"13,1,0\"><b data-path-to-node=\"13,1,0\" data-index-in-node=\"0\">Protection des contenants<\/b> : L&rsquo;anneau inf\u00e9rieur en plastique lourd prot\u00e8ge l&rsquo;int\u00e9rieur des seaux en plastique et en m\u00e9tal.<\/p>\n<\/li>\n<li>\n<p data-path-to-node=\"13,2,0\"><b data-path-to-node=\"13,2,0\" data-index-in-node=\"0\">Ultra-Robuste<\/b> : Tige en acier lourd con\u00e7ue pour r\u00e9sister \u00e0 la haute r\u00e9sistance soulev\u00e9e par les enduits.<\/p>\n<\/li>\n<li>\n<p data-path-to-node=\"13,3,0\"><b data-path-to-node=\"13,3,0\" data-index-in-node=\"0\">Compatibilit\u00e9<\/b> : Tige de forme hexagonale s&rsquo;adapte \u00e0 toutes les perceuses standards (mandrin 3\/8&Prime; ou 1\/2&Prime;).<\/p>\n<\/li>\n<li>\n<p data-path-to-node=\"13,4,0\"><b data-path-to-node=\"13,4,0\" data-index-in-node=\"0\">Finalement<\/b>, un m\u00e9lange rigoureux est important pour activer la garantie des produits Noxor (Hauts Solides).<\/p>\n<\/li>\n<\/ul>","protected":false},"excerpt":{"rendered":"<p dir=\"ltr\" class=\"translation-block\">This robust mixer is the essential tool for preparing your buckets of NoxSeal and NoxSilicone. It is designed to lift the heavy polymers settled at the bottom of the container and ensure perfect homogeneity.<\/p>\n<ul>\n<li dir=\"ltr\" class=\"translation-block\">Bubble-Free Mixing: Its helical head mixes the product from bottom to top without splashing or introducing air (which would create bubbles on the roof).<\/li>\n<li dir=\"ltr\" class=\"translation-block\">Container Protection: The lower plastic\/metal ring allows contact with the bottom of the bucket without puncturing it.<\/li>\n<li dir=\"ltr\" class=\"translation-block\">Compatibility: Hexagonal shaft designed to fit all standard drills (3\/8\u2033 or 1\/2\u2033 chuck).<\/li>\n<li dir=\"ltr\" class=\"translation-block\">Important: Mechanical mixing is required to activate the warranty of waterproofing products.<\/li>\n<\/ul>","protected":false},"featured_media":3294,"comment_status":"open","ping_status":"closed","template":"","meta":[],"product_brand":[],"product_cat":[27],"product_tag":[],"class_list":{"0":"post-1386","1":"product","2":"type-product","3":"status-publish","4":"has-post-thumbnail","6":"product_cat-accessoires-toiture","8":"first","9":"instock","10":"taxable","11":"shipping-taxable","12":"purchasable","13":"product-type-simple"},"jetpack_sharing_enabled":true,"_links":{"self":[{"href":"https:\/\/noxor.ca\/en\/wp-json\/wp\/v2\/product\/1386","targetHints":{"allow":["GET"]}}],"collection":[{"href":"https:\/\/noxor.ca\/en\/wp-json\/wp\/v2\/product"}],"about":[{"href":"https:\/\/noxor.ca\/en\/wp-json\/wp\/v2\/types\/product"}],"replies":[{"embeddable":true,"href":"https:\/\/noxor.ca\/en\/wp-json\/wp\/v2\/comments?post=1386"}],"wp:featuredmedia":[{"embeddable":true,"href":"https:\/\/noxor.ca\/en\/wp-json\/wp\/v2\/media\/3294"}],"wp:attachment":[{"href":"https:\/\/noxor.ca\/en\/wp-json\/wp\/v2\/media?parent=1386"}],"wp:term":[{"taxonomy":"product_brand","embeddable":true,"href":"https:\/\/noxor.ca\/en\/wp-json\/wp\/v2\/product_brand?post=1386"},{"taxonomy":"product_cat","embeddable":true,"href":"https:\/\/noxor.ca\/en\/wp-json\/wp\/v2\/product_cat?post=1386"},{"taxonomy":"product_tag","embeddable":true,"href":"https:\/\/noxor.ca\/en\/wp-json\/wp\/v2\/product_tag?post=1386"}],"curies":[{"name":"wp","href":"https:\/\/api.w.org\/{rel}","templated":true}]}}