{"id":1367,"date":"2026-01-27T01:11:19","date_gmt":"2026-01-27T01:11:19","guid":{"rendered":"https:\/\/clientnoxor.com\/?post_type=product&#038;p=1367"},"modified":"2026-03-03T19:33:46","modified_gmt":"2026-03-03T19:33:46","slug":"cage-a-rouleau-robuste-de-qualite-entrepreneur-purdy","status":"publish","type":"product","link":"https:\/\/noxor.ca\/en\/product\/cage-a-rouleau-robuste-de-qualite-entrepreneur-purdy\/","title":{"rendered":"Professional Roller Frame"},"content":{"rendered":"<p data-path-to-node=\"13\">Cette monture professionnelle est con\u00e7ue pour les travaux d&rsquo;\u00e9tanch\u00e9it\u00e9 de grande envergure. En effet, son manche ergonomique offre une prise en main sup\u00e9rieure qui r\u00e9duit la fatigue. De plus, elle vous assure un contr\u00f4le parfait tout au long de la journ\u00e9e.<\/p>\n<ul data-path-to-node=\"14\">\n<li>\n<p data-path-to-node=\"14,0,0\">Prise Confort (Ergo-Grip) : Manche moul\u00e9 antid\u00e9rapant pour un contr\u00f4le parfait, m\u00eame avec des gants.<\/p>\n<\/li>\n<li>\n<p data-path-to-node=\"14,1,0\">Cage Renforc\u00e9e : Maintient fermement le manchon en place (aucun glissement) et assure une usure uniforme.<\/p>\n<\/li>\n<li>\n<p data-path-to-node=\"14,2,0\">Super robuste : Structure durable con\u00e7ue pour r\u00e9sister aux chantiers quotidiens.<\/p>\n<\/li>\n<li>\n<p data-path-to-node=\"14,3,0\">Compatibilit\u00e9 : Con\u00e7u pour se fixer rapidement \u00e0 tous les manches d&rsquo;extension.<\/p>\n<\/li>\n<li>\n<p data-path-to-node=\"14,4,0\">Finalement, elle maximise votre efficacit\u00e9 sur le toit.<\/p>\n<\/li>\n<\/ul>","protected":false},"excerpt":{"rendered":"<div class=\"gs\">\n<div class=\"\">\n<div id=\":2j\" class=\"ii gt adO\">\n<div id=\":2i\" class=\"a3s aiL\">\n<div id=\"avWBGd-69\">\n<div dir=\"auto\">\n<blockquote>\n<p dir=\"ltr\" class=\"translation-block\">This professional frame is designed for large-scale waterproofing projects. Its ergonomic handle provides superior grip that reduces muscle fatigue when applying dense products like NoxSeal.<\/p>\n<ul>\n<li dir=\"ltr\" class=\"translation-block\">Comfort Grip (Ergo-Grip): Molded non-slip handle for perfect control, even with gloves.<\/li>\n<li dir=\"ltr\" class=\"translation-block\">Reinforced Cage: Firmly holds the roller cover in place (no slipping) and ensures smooth rotation.<\/li>\n<li dir=\"ltr\" class=\"translation-block\">Heavy-Duty Use: Durable structure designed to withstand daily job sites.<\/li>\n<li dir=\"ltr\" class=\"translation-block\">Compatibility: Screws onto standard extension poles for ground-level or elevated work.<\/li>\n<\/ul>\n<div class=\"yj6qo ajU\">\n<div id=\":2t\" class=\"ajR\" role=\"button\" data-tooltip=\"Afficher le contenu abr\u00e9g\u00e9\" aria-label=\"Afficher le contenu abr\u00e9g\u00e9\" aria-expanded=\"false\"><img decoding=\"async\" class=\"ajT\" src=\"https:\/\/ssl.gstatic.com\/ui\/v1\/icons\/mail\/images\/cleardot.gif\" \/><\/div>\n<\/div>\n<\/blockquote>\n<\/div>\n<\/div>\n<\/div>\n<\/div>\n<\/div>\n<\/div>","protected":false},"featured_media":3296,"comment_status":"open","ping_status":"closed","template":"","meta":[],"product_brand":[],"product_cat":[27],"product_tag":[],"class_list":{"0":"post-1367","1":"product","2":"type-product","3":"status-publish","4":"has-post-thumbnail","6":"product_cat-accessoires-toiture","8":"first","9":"instock","10":"taxable","11":"shipping-taxable","12":"purchasable","13":"product-type-simple"},"jetpack_sharing_enabled":true,"_links":{"self":[{"href":"https:\/\/noxor.ca\/en\/wp-json\/wp\/v2\/product\/1367","targetHints":{"allow":["GET"]}}],"collection":[{"href":"https:\/\/noxor.ca\/en\/wp-json\/wp\/v2\/product"}],"about":[{"href":"https:\/\/noxor.ca\/en\/wp-json\/wp\/v2\/types\/product"}],"replies":[{"embeddable":true,"href":"https:\/\/noxor.ca\/en\/wp-json\/wp\/v2\/comments?post=1367"}],"wp:featuredmedia":[{"embeddable":true,"href":"https:\/\/noxor.ca\/en\/wp-json\/wp\/v2\/media\/3296"}],"wp:attachment":[{"href":"https:\/\/noxor.ca\/en\/wp-json\/wp\/v2\/media?parent=1367"}],"wp:term":[{"taxonomy":"product_brand","embeddable":true,"href":"https:\/\/noxor.ca\/en\/wp-json\/wp\/v2\/product_brand?post=1367"},{"taxonomy":"product_cat","embeddable":true,"href":"https:\/\/noxor.ca\/en\/wp-json\/wp\/v2\/product_cat?post=1367"},{"taxonomy":"product_tag","embeddable":true,"href":"https:\/\/noxor.ca\/en\/wp-json\/wp\/v2\/product_tag?post=1367"}],"curies":[{"name":"wp","href":"https:\/\/api.w.org\/{rel}","templated":true}]}}