{"id":1343,"date":"2026-01-27T00:45:56","date_gmt":"2026-01-27T00:45:56","guid":{"rendered":"https:\/\/clientnoxor.com\/?post_type=product&#038;p=1343"},"modified":"2026-03-03T18:08:35","modified_gmt":"2026-03-03T18:08:35","slug":"1343","status":"publish","type":"product","link":"https:\/\/noxor.ca\/en\/product\/1343\/","title":{"rendered":"Richard Gooseneck Brush"},"content":{"rendered":"<p data-path-to-node=\"12\">Le pinceau coud\u00e9 Gooseneck de Richard est l&rsquo;outil sp\u00e9cialement con\u00e7u pour le d\u00e9coupage de pr\u00e9cision et l&rsquo;application de produits dans les zones difficiles d&rsquo;acc\u00e8s. En effet, sa t\u00eate inclin\u00e9e offre un angle d&rsquo;attaque parfait permettant un bien meilleur contr\u00f4le. De plus, sa conception unique vous permet de travailler de fa\u00e7on s\u00e9curitaire sans vous \u00e9tirer dangereusement.<\/p>\n<ul>\n<li>Manche Filet\u00e9 <b>:<\/b>\u00a0Se visse sur n&rsquo;importe quel manche d&rsquo;extension standard pour atteindre les hauteurs ou travailler au sol sans se baisser.<\/li>\n<li>\n<p data-path-to-node=\"13,1,0\">Pratique : se visse sur n&rsquo;importe quel manche d&rsquo;extension (poteau) standard pour faciliter le travail en hauteur.<\/p>\n<\/li>\n<li>\n<p data-path-to-node=\"13,2,0\">Poils de qualit\u00e9 : des fibres synth\u00e9tiques offrant une finition lisse et tr\u00e8s durable.<\/p>\n<\/li>\n<li>\n<p data-path-to-node=\"13,3,0\">Finalement, il est id\u00e9al pour peindre et sceller les lucarnes, les rebords de toit et l&rsquo;arri\u00e8re des goutti\u00e8res.<\/p>\n<\/li>\n<\/ul>","protected":false},"excerpt":{"rendered":"<div class=\"gs\">\n<div class=\"\">\n<div id=\":2d\" class=\"ii gt adO\">\n<div id=\":2c\" class=\"a3s aiL\">\n<div id=\"avWBGd-61\">\n<div dir=\"auto\">\n<blockquote>\n<p dir=\"ltr\" class=\"translation-block\">The Richard Gooseneck angled brush is designed for precision cutting-in and application in hard-to-reach areas. Its angled head provides the perfect attack angle for corners and flashings.<\/p>\n<ul>\n<li dir=\"ltr\" class=\"translation-block\">Threaded Handle: Screws onto any standard extension pole to reach heights or work from the ground without bending.<\/li>\n<li dir=\"ltr\" class=\"translation-block\">Ergonomic Angle: Reduces wrist fatigue during detailed work.<\/li>\n<li dir=\"ltr\" class=\"translation-block\">Versatility: Ideal for applying NoxSeal around vents, skylights, and behind gutters.<\/li>\n<li dir=\"ltr\" class=\"translation-block\">Durable Bristles: Resists thick coatings and cleans easily.<\/li>\n<\/ul>\n<\/blockquote>\n<\/div>\n<\/div>\n<\/div>\n<\/div>\n<\/div>\n<\/div>","protected":false},"featured_media":3297,"comment_status":"open","ping_status":"closed","template":"","meta":[],"product_brand":[],"product_cat":[27],"product_tag":[],"class_list":{"0":"post-1343","1":"product","2":"type-product","3":"status-publish","4":"has-post-thumbnail","6":"product_cat-accessoires-toiture","8":"first","9":"instock","10":"taxable","11":"shipping-taxable","12":"purchasable","13":"product-type-simple"},"jetpack_sharing_enabled":true,"_links":{"self":[{"href":"https:\/\/noxor.ca\/en\/wp-json\/wp\/v2\/product\/1343","targetHints":{"allow":["GET"]}}],"collection":[{"href":"https:\/\/noxor.ca\/en\/wp-json\/wp\/v2\/product"}],"about":[{"href":"https:\/\/noxor.ca\/en\/wp-json\/wp\/v2\/types\/product"}],"replies":[{"embeddable":true,"href":"https:\/\/noxor.ca\/en\/wp-json\/wp\/v2\/comments?post=1343"}],"wp:featuredmedia":[{"embeddable":true,"href":"https:\/\/noxor.ca\/en\/wp-json\/wp\/v2\/media\/3297"}],"wp:attachment":[{"href":"https:\/\/noxor.ca\/en\/wp-json\/wp\/v2\/media?parent=1343"}],"wp:term":[{"taxonomy":"product_brand","embeddable":true,"href":"https:\/\/noxor.ca\/en\/wp-json\/wp\/v2\/product_brand?post=1343"},{"taxonomy":"product_cat","embeddable":true,"href":"https:\/\/noxor.ca\/en\/wp-json\/wp\/v2\/product_cat?post=1343"},{"taxonomy":"product_tag","embeddable":true,"href":"https:\/\/noxor.ca\/en\/wp-json\/wp\/v2\/product_tag?post=1343"}],"curies":[{"name":"wp","href":"https:\/\/api.w.org\/{rel}","templated":true}]}}