{"id":1330,"date":"2026-01-27T00:31:55","date_gmt":"2026-01-27T00:31:55","guid":{"rendered":"https:\/\/clientnoxor.com\/?post_type=product&#038;p=1330"},"modified":"2026-03-03T22:37:17","modified_gmt":"2026-03-03T22:37:17","slug":"scellant-freedom-flash-pour-toiture-2-gallons","status":"publish","type":"product","link":"https:\/\/noxor.ca\/en\/product\/scellant-freedom-flash-pour-toiture-2-gallons\/","title":{"rendered":"Freedom Flash Roof Sealant \u2013 2 Gallons"},"content":{"rendered":"<p data-path-to-node=\"11\">Le scellant pour toiture Freedom Flash (1 gallon) est la solution de choix pour vos r\u00e9parations d&rsquo;urgence. En effet, sa formule thermoplastique d&rsquo;ext\u00e9rieur cr\u00e9e un joint 100 % \u00e9tanche. De plus, il s&rsquo;applique facilement \u00e0 la spatule ou au pinceau pour colmater rapidement les fuites avant d&rsquo;appliquer votre enduit.<\/p>\n<ul data-path-to-node=\"12\">\n<li>\n<p data-path-to-node=\"12,0,0\">Technologie Auto-Nivelant : S&rsquo;\u00e9tend de fa\u00e7on uniforme pour remplir les fissures de mani\u00e8re invisible.<\/p>\n<\/li>\n<li>\n<p data-path-to-node=\"12,1,0\">Flexibilit\u00e9 permanente : R\u00e9siste aux variations de temp\u00e9rature sans craquer ni fendre (Test\u00e9 aux UV).<\/p>\n<\/li>\n<li>\n<p data-path-to-node=\"12,2,0\">Adh\u00e9rence extr\u00eame : S&rsquo;applique sur tous les rev\u00eatements, m\u00eame sur des surfaces mouill\u00e9es ou humides.<\/p>\n<\/li>\n<li>\n<p data-path-to-node=\"12,3,0\">Finalement, il est id\u00e9al pour colmater rapidement les solins, les \u00e9vents, les goutti\u00e8res et les t\u00eates de vis.<\/p>\n<\/li>\n<\/ul>","protected":false},"excerpt":{"rendered":"<div class=\"gs\">\n<div class=\"\">\n<div id=\":2a\" class=\"ii gt adO\">\n<div id=\":29\" class=\"a3s aiL\">\n<div id=\"avWBGd-57\">\n<div dir=\"auto\">\n<blockquote>\n<p dir=\"ltr\" class=\"translation-block\">The bucket format of Freedom Flash is designed for large-scale roof repairs. This rubberized thermoplastic sealant applies easily with a trowel or brush to create an instant impenetrable barrier.<\/p>\n<ul>\n<li dir=\"ltr\" class=\"translation-block\">No-Reinforcement Technology: Its unique density allows it to fill cracks and joints without adding fabric (mesh).<\/li>\n<li dir=\"ltr\" class=\"translation-block\">Total Versatility: Adheres to concrete, metal, wood, and existing membranes, even on vertical surfaces (does not run).<\/li>\n<li dir=\"ltr\" class=\"translation-block\">Extreme Resistance: Remains flexible for life, resists UV rays and weather immediately upon application.<\/li>\n<li dir=\"ltr\" class=\"translation-block\">Usage: Perfect for waterproofing chimneys, skylights, and wall-to-roof joints.<\/li>\n<\/ul>\n<div class=\"yj6qo ajU\">\n<div id=\":2k\" class=\"ajR\" role=\"button\" data-tooltip=\"Afficher le contenu abr\u00e9g\u00e9\" aria-label=\"Afficher le contenu abr\u00e9g\u00e9\" aria-expanded=\"false\"><img decoding=\"async\" class=\"ajT\" src=\"https:\/\/ssl.gstatic.com\/ui\/v1\/icons\/mail\/images\/cleardot.gif\" \/><\/div>\n<\/div>\n<\/blockquote>\n<\/div>\n<\/div>\n<\/div>\n<\/div>\n<div id=\"avWBGd-58\" class=\"WhmR8e\" data-hash=\"0\"><\/div>\n<\/div>\n<\/div>","protected":false},"featured_media":3064,"comment_status":"open","ping_status":"closed","template":"","meta":[],"product_brand":[],"product_cat":[27,24,25,26],"product_tag":[],"class_list":{"0":"post-1330","1":"product","2":"type-product","3":"status-publish","4":"has-post-thumbnail","6":"product_cat-accessoires-toiture","7":"product_cat-peinture-toiture-metallique","8":"product_cat-protection-nano-bardeau","9":"product_cat-toit-plat-vr","11":"first","12":"instock","13":"featured","14":"taxable","15":"shipping-taxable","16":"purchasable","17":"product-type-simple"},"jetpack_sharing_enabled":true,"_links":{"self":[{"href":"https:\/\/noxor.ca\/en\/wp-json\/wp\/v2\/product\/1330","targetHints":{"allow":["GET"]}}],"collection":[{"href":"https:\/\/noxor.ca\/en\/wp-json\/wp\/v2\/product"}],"about":[{"href":"https:\/\/noxor.ca\/en\/wp-json\/wp\/v2\/types\/product"}],"replies":[{"embeddable":true,"href":"https:\/\/noxor.ca\/en\/wp-json\/wp\/v2\/comments?post=1330"}],"wp:featuredmedia":[{"embeddable":true,"href":"https:\/\/noxor.ca\/en\/wp-json\/wp\/v2\/media\/3064"}],"wp:attachment":[{"href":"https:\/\/noxor.ca\/en\/wp-json\/wp\/v2\/media?parent=1330"}],"wp:term":[{"taxonomy":"product_brand","embeddable":true,"href":"https:\/\/noxor.ca\/en\/wp-json\/wp\/v2\/product_brand?post=1330"},{"taxonomy":"product_cat","embeddable":true,"href":"https:\/\/noxor.ca\/en\/wp-json\/wp\/v2\/product_cat?post=1330"},{"taxonomy":"product_tag","embeddable":true,"href":"https:\/\/noxor.ca\/en\/wp-json\/wp\/v2\/product_tag?post=1330"}],"curies":[{"name":"wp","href":"https:\/\/api.w.org\/{rel}","templated":true}]}}