{"id":1324,"date":"2026-01-27T00:20:58","date_gmt":"2026-01-27T00:20:58","guid":{"rendered":"https:\/\/clientnoxor.com\/?post_type=product&#038;p=1324"},"modified":"2026-03-03T17:58:32","modified_gmt":"2026-03-03T17:58:32","slug":"freedom-flash-scellant-pour-toiture-250g","status":"publish","type":"product","link":"https:\/\/noxor.ca\/en\/product\/freedom-flash-scellant-pour-toiture-250g\/","title":{"rendered":"Freedom Flash Roof Sealant (250g)"},"content":{"rendered":"<p data-path-to-node=\"11\">Le Freedom Flash est le scellant pour toiture id\u00e9al pour toutes vos r\u00e9parations d&rsquo;\u00e9tanch\u00e9it\u00e9 en une seule \u00e9tape. En effet, sa formule thermoplastique d&rsquo;ext\u00e9rieur cr\u00e9e une barri\u00e8re durable et 100 % \u00e9tanche. De plus, il est con\u00e7u pour r\u00e9sister aux pires conditions m\u00e9t\u00e9orologiques.<\/p>\n<ul data-path-to-node=\"12\">\n<li>\n<p data-path-to-node=\"12,0,0\">Gain de temps : Application directe \u00e0 la pompe \u00e0 calfeutrer, sans aucun m\u00e9lange.<\/p>\n<\/li>\n<li>\n<p data-path-to-node=\"12,1,0\">Flexibilit\u00e9 permanente : Reste souple et ne craque pas sous le soleil (Test\u00e9 aux UV).<\/p>\n<\/li>\n<li>\n<p data-path-to-node=\"12,2,0\">Adh\u00e9rence extr\u00eame : S&rsquo;applique sur tous les rev\u00eatements, m\u00eame sur des surfaces mouill\u00e9es ou humides.<\/p>\n<\/li>\n<li>\n<p data-path-to-node=\"12,3,0\">Finalement, il est id\u00e9al pour sceller rapidement les solins, les \u00e9vents, les goutti\u00e8res et les t\u00eates de vis.<\/p>\n<\/li>\n<\/ul>","protected":false},"excerpt":{"rendered":"<div class=\"gs\">\n<div class=\"\">\n<div id=\":27\" class=\"ii gt adO\">\n<div id=\":26\" class=\"a3s aiL\">\n<div id=\"avWBGd-52\">\n<div dir=\"auto\">\n<blockquote>\n<p dir=\"ltr\" class=\"translation-block\">Freedom Flash is a revolutionary thermoplastic sealant that allows waterproof repairs in a single step. Its unique formula fills cracks without the need for fabric reinforcement (for gaps up to 1\/8\u2033).<\/p>\n<ul>\n<li dir=\"ltr\" class=\"translation-block\">Time Saving: Direct application with a caulking gun, no mixing required.<\/li>\n<li dir=\"ltr\" class=\"translation-block\">Permanent Flexibility: Remains flexible and does not crack under the sun (UV stable).<\/li>\n<li dir=\"ltr\" class=\"translation-block\">Versatile: Exceptional adhesion on metal, concrete, EPDM, and aged membranes.<\/li>\n<li dir=\"ltr\" class=\"translation-block\">Usage: Ideal for quickly sealing flashings, vents, gutters, and screw heads.<\/li>\n<\/ul>\n<div class=\"yj6qo ajU\">\n<div id=\":2h\" class=\"ajR\" role=\"button\" data-tooltip=\"Afficher le contenu abr\u00e9g\u00e9\" aria-label=\"Afficher le contenu abr\u00e9g\u00e9\" aria-expanded=\"false\"><img decoding=\"async\" class=\"ajT\" src=\"https:\/\/ssl.gstatic.com\/ui\/v1\/icons\/mail\/images\/cleardot.gif\" \/><\/div>\n<\/div>\n<\/blockquote>\n<\/div>\n<\/div>\n<\/div>\n<\/div>\n<div id=\"avWBGd-53\" class=\"WhmR8e\" data-hash=\"0\"><\/div>\n<\/div>\n<\/div>","protected":false},"featured_media":3068,"comment_status":"open","ping_status":"closed","template":"","meta":[],"product_brand":[],"product_cat":[27,24,25,26],"product_tag":[],"class_list":{"0":"post-1324","1":"product","2":"type-product","3":"status-publish","4":"has-post-thumbnail","6":"product_cat-accessoires-toiture","7":"product_cat-peinture-toiture-metallique","8":"product_cat-protection-nano-bardeau","9":"product_cat-toit-plat-vr","11":"first","12":"instock","13":"taxable","14":"shipping-taxable","15":"purchasable","16":"product-type-simple"},"jetpack_sharing_enabled":true,"_links":{"self":[{"href":"https:\/\/noxor.ca\/en\/wp-json\/wp\/v2\/product\/1324","targetHints":{"allow":["GET"]}}],"collection":[{"href":"https:\/\/noxor.ca\/en\/wp-json\/wp\/v2\/product"}],"about":[{"href":"https:\/\/noxor.ca\/en\/wp-json\/wp\/v2\/types\/product"}],"replies":[{"embeddable":true,"href":"https:\/\/noxor.ca\/en\/wp-json\/wp\/v2\/comments?post=1324"}],"wp:featuredmedia":[{"embeddable":true,"href":"https:\/\/noxor.ca\/en\/wp-json\/wp\/v2\/media\/3068"}],"wp:attachment":[{"href":"https:\/\/noxor.ca\/en\/wp-json\/wp\/v2\/media?parent=1324"}],"wp:term":[{"taxonomy":"product_brand","embeddable":true,"href":"https:\/\/noxor.ca\/en\/wp-json\/wp\/v2\/product_brand?post=1324"},{"taxonomy":"product_cat","embeddable":true,"href":"https:\/\/noxor.ca\/en\/wp-json\/wp\/v2\/product_cat?post=1324"},{"taxonomy":"product_tag","embeddable":true,"href":"https:\/\/noxor.ca\/en\/wp-json\/wp\/v2\/product_tag?post=1324"}],"curies":[{"name":"wp","href":"https:\/\/api.w.org\/{rel}","templated":true}]}}