{"id":1318,"date":"2026-01-26T23:54:39","date_gmt":"2026-01-26T23:54:39","guid":{"rendered":"https:\/\/clientnoxor.com\/?post_type=product&#038;p=1318"},"modified":"2026-03-03T17:51:58","modified_gmt":"2026-03-03T17:51:58","slug":"rouleau-dapplication-adapte-pour-les-produits-noxor-vendu-paquet-de-deux","status":"publish","type":"product","link":"https:\/\/noxor.ca\/en\/product\/rouleau-dapplication-adapte-pour-les-produits-noxor-vendu-paquet-de-deux\/","title":{"rendered":"Adapted Application Roller"},"content":{"rendered":"<p data-path-to-node=\"9\">Ce rouleau d&rsquo;application adapt\u00e9 est l&rsquo;accessoire parfait pour \u00e9tendre vos rev\u00eatements de toiture de fa\u00e7on uniforme. En effet, il est sp\u00e9cialement con\u00e7u pour travailler en parfaite synergie avec les produits Noxor, vous assurant une couverture optimale. De plus, sa conception de haute qualit\u00e9 facilite grandement le travail sur votre toiture.<\/p>\n<ul data-path-to-node=\"10\">\n<li>\n<p data-path-to-node=\"10,0,0\">Parfaitement adapt\u00e9 pour les scellants et enduits Noxor.<\/p>\n<\/li>\n<li>\n<p data-path-to-node=\"10,1,0\">Application facile, rapide et 100 % uniforme.<\/p>\n<\/li>\n<li>\n<p data-path-to-node=\"10,2,0\">R\u00e9sistant sur les surfaces rugueuses (bardeaux d&rsquo;asphalte, t\u00f4le, etc.).<\/p>\n<\/li>\n<li>\n<p data-path-to-node=\"10,3,0\">Finalement, il offre une durabilit\u00e9 industrielle pour tous vos chantiers.<\/p>\n<\/li>\n<\/ul>","protected":false},"excerpt":{"rendered":"<div class=\"gs\">\n<div class=\"\">\n<div id=\":26\" class=\"ii gt adO\">\n<div id=\":25\" class=\"a3s aiL\">\n<div dir=\"auto\">\n<blockquote>\n<p dir=\"ltr\" class=\"translation-block\">These high-quality rollers are specially selected for the application of Noxor roofing products. Unlike standard rollers, they are designed to handle the density of liquid membranes and silicones.<\/p>\n<ul>\n<li dir=\"ltr\" class=\"translation-block\">Superior Absorption: Allows you to load enough product to meet the required thickness (mils) in fewer passes.<\/li>\n<li dir=\"ltr\" class=\"translation-block\">Zero Residue: Robust design that leaves no lint in your waterproofing layer.<\/li>\n<li dir=\"ltr\" class=\"translation-block\">Compatibility: Tested for uniform application of NoxSeal and NoxSilicone.<\/li>\n<\/ul>\n<div class=\"yj6qo ajU\">\n<div id=\":2g\" class=\"ajR\" role=\"button\" data-tooltip=\"Afficher le contenu abr\u00e9g\u00e9\" aria-label=\"Afficher le contenu abr\u00e9g\u00e9\" aria-expanded=\"false\"><img decoding=\"async\" class=\"ajT\" src=\"https:\/\/ssl.gstatic.com\/ui\/v1\/icons\/mail\/images\/cleardot.gif\" \/><\/div>\n<\/div>\n<\/blockquote>\n<\/div>\n<\/div>\n<\/div>\n<div id=\"avWBGd-54\" class=\"WhmR8e\" data-hash=\"0\"><\/div>\n<\/div>\n<\/div>","protected":false},"featured_media":1766,"comment_status":"open","ping_status":"closed","template":"","meta":[],"product_brand":[],"product_cat":[27,24,25,26],"product_tag":[],"class_list":{"0":"post-1318","1":"product","2":"type-product","3":"status-publish","4":"has-post-thumbnail","6":"product_cat-accessoires-toiture","7":"product_cat-peinture-toiture-metallique","8":"product_cat-protection-nano-bardeau","9":"product_cat-toit-plat-vr","11":"first","12":"instock","13":"taxable","14":"shipping-taxable","15":"purchasable","16":"product-type-simple"},"jetpack_sharing_enabled":true,"_links":{"self":[{"href":"https:\/\/noxor.ca\/en\/wp-json\/wp\/v2\/product\/1318","targetHints":{"allow":["GET"]}}],"collection":[{"href":"https:\/\/noxor.ca\/en\/wp-json\/wp\/v2\/product"}],"about":[{"href":"https:\/\/noxor.ca\/en\/wp-json\/wp\/v2\/types\/product"}],"replies":[{"embeddable":true,"href":"https:\/\/noxor.ca\/en\/wp-json\/wp\/v2\/comments?post=1318"}],"wp:featuredmedia":[{"embeddable":true,"href":"https:\/\/noxor.ca\/en\/wp-json\/wp\/v2\/media\/1766"}],"wp:attachment":[{"href":"https:\/\/noxor.ca\/en\/wp-json\/wp\/v2\/media?parent=1318"}],"wp:term":[{"taxonomy":"product_brand","embeddable":true,"href":"https:\/\/noxor.ca\/en\/wp-json\/wp\/v2\/product_brand?post=1318"},{"taxonomy":"product_cat","embeddable":true,"href":"https:\/\/noxor.ca\/en\/wp-json\/wp\/v2\/product_cat?post=1318"},{"taxonomy":"product_tag","embeddable":true,"href":"https:\/\/noxor.ca\/en\/wp-json\/wp\/v2\/product_tag?post=1318"}],"curies":[{"name":"wp","href":"https:\/\/api.w.org\/{rel}","templated":true}]}}