{"id":1212,"date":"2026-01-26T00:15:19","date_gmt":"2026-01-26T00:15:19","guid":{"rendered":"https:\/\/clientnoxor.com\/?post_type=product&#038;p=1212"},"modified":"2026-03-03T13:13:55","modified_gmt":"2026-03-03T13:13:55","slug":"nettoyant-fox","status":"publish","type":"product","link":"https:\/\/noxor.ca\/en\/product\/nettoyant-fox\/","title":{"rendered":"Nox Cleaner"},"content":{"rendered":"<div class=\"product-details-module__title ec-header-h6\">\n<p data-path-to-node=\"4\"><strong>Nettoyant NOX &#8211; D\u00e9graissant de surface<\/strong><\/p>\n<p data-path-to-node=\"6\">Pr\u00e9parez vos surfaces comme un pro avec ce nettoyant toiture. Le Nettoyant NOX \u00e9limine en effet efficacement la graisse, la salet\u00e9 et les contaminants pour assurer une adh\u00e9rence maximale de la peinture. Il est donc id\u00e9al pour bien pr\u00e9parer votre toiture avant l&rsquo;application du rev\u00eatement.<\/p>\n<ul data-path-to-node=\"7\">\n<li>\n<p data-path-to-node=\"7,0,0\">Application facile<\/p>\n<\/li>\n<li>\n<p data-path-to-node=\"7,1,0\">Sans rin\u00e7age<\/p>\n<\/li>\n<li>\n<p data-path-to-node=\"7,2,0\">S\u00e9chage rapide<\/p>\n<\/li>\n<li>\n<p data-path-to-node=\"7,3,0\">Aucun r\u00e9sidu savonneux<\/p>\n<\/li>\n<\/ul>\n<p data-path-to-node=\"8\">Format : 3,7L &#8211; Prix \u00e0 l&rsquo;unit\u00e9<\/p>\n<\/div>\n<div class=\"product-details-module__content\">\n<div id=\"productDescription\" class=\"product-details__product-description\">\n<p><a title=\"Fiche Signal\u00e9tique\" href=\"https:\/\/noxor.ca\/wp-content\/uploads\/2026\/01\/NETTOYANT.NOX_.FICHE_.SIGNALETIQUE.pdf\">Fiche Signal\u00e9tique<\/a><\/p>\n<\/div>\n<\/div>","protected":false},"excerpt":{"rendered":"<div class=\"gs\">\n<div class=\"\">\n<div id=\":3d\" class=\"ii gt adO\">\n<div id=\":3c\" class=\"a3s aiL\">\n<div id=\"avWBGd-109\">\n<div dir=\"auto\">\n<blockquote>\n<p dir=\"ltr\" class=\"translation-block\">NoxCleaner is a concentrated industrial detergent specifically designed for roof preparation before the application of coatings. It dissolves grease, oils, and atmospheric contaminants that prevent membrane adhesion.<\/p>\n<ul>\n<li dir=\"ltr\" class=\"translation-block\">Maximum Adhesion: Opens the pores of the surface (metal, membrane, asphalt) so that NoxSeal or NoxSilicone bonds firmly.<\/li>\n<li dir=\"ltr\" class=\"translation-block\">Powerful Action: Removes embedded dirt, tree sap, and oxidation residue without damaging the substrate.<\/li>\n<li dir=\"ltr\" class=\"translation-block\">Biodegradable: Environmentally safe formula and easy to rinse.<\/li>\n<li dir=\"ltr\" class=\"translation-block\">Mandatory: A perfectly clean surface is the number 1 condition for the durability warranty of your new roof.<\/li>\n<\/ul>\n<\/blockquote>\n<\/div>\n<\/div>\n<\/div>\n<\/div>\n<div id=\"avWBGd-110\" class=\"WhmR8e\" data-hash=\"0\"><\/div>\n<\/div>\n<\/div>","protected":false},"featured_media":3066,"comment_status":"open","ping_status":"closed","template":"","meta":[],"product_brand":[],"product_cat":[27],"product_tag":[],"class_list":{"0":"post-1212","1":"product","2":"type-product","3":"status-publish","4":"has-post-thumbnail","6":"product_cat-accessoires-toiture","8":"first","9":"instock","10":"taxable","11":"shipping-taxable","12":"purchasable","13":"product-type-simple"},"jetpack_sharing_enabled":true,"_links":{"self":[{"href":"https:\/\/noxor.ca\/en\/wp-json\/wp\/v2\/product\/1212","targetHints":{"allow":["GET"]}}],"collection":[{"href":"https:\/\/noxor.ca\/en\/wp-json\/wp\/v2\/product"}],"about":[{"href":"https:\/\/noxor.ca\/en\/wp-json\/wp\/v2\/types\/product"}],"replies":[{"embeddable":true,"href":"https:\/\/noxor.ca\/en\/wp-json\/wp\/v2\/comments?post=1212"}],"wp:featuredmedia":[{"embeddable":true,"href":"https:\/\/noxor.ca\/en\/wp-json\/wp\/v2\/media\/3066"}],"wp:attachment":[{"href":"https:\/\/noxor.ca\/en\/wp-json\/wp\/v2\/media?parent=1212"}],"wp:term":[{"taxonomy":"product_brand","embeddable":true,"href":"https:\/\/noxor.ca\/en\/wp-json\/wp\/v2\/product_brand?post=1212"},{"taxonomy":"product_cat","embeddable":true,"href":"https:\/\/noxor.ca\/en\/wp-json\/wp\/v2\/product_cat?post=1212"},{"taxonomy":"product_tag","embeddable":true,"href":"https:\/\/noxor.ca\/en\/wp-json\/wp\/v2\/product_tag?post=1212"}],"curies":[{"name":"wp","href":"https:\/\/api.w.org\/{rel}","templated":true}]}}