{"id":1136,"date":"2026-01-22T21:46:24","date_gmt":"2026-01-22T21:46:24","guid":{"rendered":"https:\/\/clientnoxor.com\/?post_type=product&#038;p=1136"},"modified":"2026-04-08T21:48:24","modified_gmt":"2026-04-08T21:48:24","slug":"noxor-noxnano","status":"publish","type":"product","link":"https:\/\/noxor.ca\/en\/product\/noxor-noxnano\/","title":{"rendered":"NoxNano"},"content":{"rendered":"<div class=\"product-details-module product-details__general-info\">\n<div class=\"product-details-module__content\">\n<div id=\"productDescription\" class=\"product-details__product-description\">\n<p><strong><span style=\"font-size: large;\">PRIX SUR DEMANDE<\/span><\/strong><\/p>\n<p><strong><span style=\"font-size: large;\"><br \/>\nProtection <\/span><\/strong><strong>pour bardeau asphalte \u00a0transparente\u00a0<\/strong><\/p>\n<p data-path-to-node=\"4\">NoxNano est un scellant invisible ultra-puissant qui bloque l&rsquo;eau et prot\u00e8ge votre toit.<\/p>\n<p data-path-to-node=\"5\"><b data-path-to-node=\"5\" data-index-in-node=\"0\">Une protection invisible pour un toit qui dure.<br \/>\n<\/b>Ce traitement cr\u00e9e une vraie barri\u00e8re qui fait perler l&rsquo;eau. Le toit garde sa couleur d&rsquo;origine, sans jamais jaunir, tout en continuant de respirer.<br \/>\n<b data-path-to-node=\"6\" data-index-in-node=\"0\">La qualit\u00e9 sign\u00e9e Noxor<\/b><\/p>\n<p data-path-to-node=\"7\"><b data-path-to-node=\"7\" data-index-in-node=\"0\">Coverage<\/b><\/p>\n<ul data-path-to-node=\"8\">\n<li>\n<p data-path-to-node=\"8,0,0\">1 contenant de 5 gallons (18,9 L) couvre entre 1 250 et 1 500 pieds carr\u00e9s.<\/p>\n<\/li>\n<li>\n<p data-path-to-node=\"8,1,0\">En effet, il couvre environ 250 \u00e0 300 pieds carr\u00e9s par gallon, selon l&rsquo;usure de votre toit.<\/p>\n<\/li>\n<\/ul>\n<p data-path-to-node=\"9\"><b data-path-to-node=\"9\" data-index-in-node=\"0\">Les vrais avantages de notre protection bardeaux asphalte<\/b><\/p>\n<ul data-path-to-node=\"10\">\n<li>\n<p data-path-to-node=\"10,0,0\">Bloque la perte des granules (votre toit s&rsquo;use beaucoup moins vite).<\/p>\n<\/li>\n<li>\n<p data-path-to-node=\"10,1,0\">Fait glisser l&rsquo;eau \u00e0 100 % : le toit s\u00e8che plus vite et reste propre.<\/p>\n<\/li>\n<li>\n<p data-path-to-node=\"10,2,0\">Prot\u00e8ge contre le gros soleil (UV), la grosse pluie, la neige et le gel.<\/p>\n<\/li>\n<li>\n<p data-path-to-node=\"10,3,0\">Fini compl\u00e8tement transparent qui ne change pas le look de la maison.<\/p>\n<\/li>\n<li>\n<p data-path-to-node=\"10,4,0\">Application super facile : au pulv\u00e9risateur (sprayer), au rouleau ou au pinceau.<\/p>\n<\/li>\n<li>\n<p data-path-to-node=\"10,5,0\">Le nettoyage des outils se fait simplement \u00e0 l&rsquo;eau.<\/p>\n<\/li>\n<li>\n<p data-path-to-node=\"10,6,0\">Dure longtemps : bonne pour 7 \u00e0 10 ans.<\/p>\n<\/li>\n<\/ul>\n<p data-path-to-node=\"11\"><b data-path-to-node=\"11\" data-index-in-node=\"0\">Parfait pour :<\/b><\/p>\n<ul data-path-to-node=\"12\">\n<li>\n<p data-path-to-node=\"12,0,0\">Les toits en bardeaux d&rsquo;asphalte (maisons ou commerces).<\/p>\n<\/li>\n<li>\n<p data-path-to-node=\"12,1,0\">De plus, fonctionne tr\u00e8s bien sur la brique, le b\u00e9ton ou les tuiles.<\/p>\n<\/li>\n<\/ul>\n<p data-path-to-node=\"13\"><b data-path-to-node=\"13\" data-index-in-node=\"0\">Comment l&rsquo;appliquer (en bref)<\/b><\/p>\n<ul data-path-to-node=\"14\">\n<li>\n<p data-path-to-node=\"14,0,0\">Brassez bien le produit, pas besoin de le diluer.<\/p>\n<\/li>\n<li>\n<p data-path-to-node=\"14,1,0\">Appliquez quand il fait entre 10 et 30 \u00b0C, sur un toit propre et sec.<\/p>\n<\/li>\n<li>\n<p data-path-to-node=\"14,2,0\">Une seule couche \u00e9gale suffit, en appliquant de haut en bas.<\/p>\n<\/li>\n<li>\n<p data-path-to-node=\"14,3,0\">Sec au toucher en 2 \u00e0 4 heures. S\u00e9chage complet en 24 heures.<\/p>\n<\/li>\n<li>\n<p data-path-to-node=\"14,4,0\">Finalement, lavez vos outils \u00e0 l&rsquo;eau en terminant.<\/p>\n<p class=\"translation-block\"><a title=\"Fiche Signal\u00e9tique\" href=\"https:\/\/noxor.ca\/wp-content\/uploads\/2026\/01\/NOXSEAL.FICHE_.SIGNALETIQUE-.pdf\" target=\"_self\">Fiche Signal\u00e9tique<\/a><br>\r\n<a title=\"Fiche technique (FR)\" href=\"https:\/\/noxor.ca\/wp-content\/uploads\/2026\/01\/NOXSEAL.FICHETECHNIQUEFRANCAIS.pdf\" target=\"_self\">Fiche technique (FR)<\/a><br>\r\n<a title=\"Fiche technique (EN)\" href=\"https:\/\/noxor.ca\/wp-content\/uploads\/2026\/01\/NOXSEAL.FICHETECHNIQUEANGLAIS.pdf\" target=\"_self\">Fiche technique (EN)<\/a><\/li>\n<\/ul>\n<\/div>\n<\/div>\n<\/div>","protected":false},"excerpt":{"rendered":"<p dir=\"ltr\"><strong>PRIX SUR DEMANDE\u200b<br \/>\n<\/strong><br \/>\nLe\u00a0<b>NoxNano<\/b>\u00a0est un traitement mol\u00e9culaire r\u00e9volutionnaire qui prolonge la vie de votre toiture de bardeaux sans la remplacer. Gr\u00e2ce \u00e0 la nanotechnologie, il p\u00e9n\u00e8tre en profondeur pour restaurer la souplesse et l&rsquo;\u00e9tanch\u00e9it\u00e9 du bitume vieillissant.<\/p>\n<ul>\n<li dir=\"ltr\" class=\"translation-block\">Visible Rejuvenation: Revives the original color of shingles faded by the sun.<\/li>\n<li dir=\"ltr\" class=\"translation-block\">Water-Repellent Shield: Creates an invisible barrier that repels water, snow, and prevents moss formation.<\/li>\n<li dir=\"ltr\" class=\"translation-block\">Granule Protection: Secures granules in place to stop shingle erosion.<\/li>\n<li dir=\"ltr\" class=\"translation-block\">Usage: The ideal solution to extend the lifespan of an asphalt roof by 5 to 15 years.<\/li>\n<\/ul>","protected":false},"featured_media":3315,"comment_status":"open","ping_status":"closed","template":"","meta":[],"product_brand":[],"product_cat":[25],"product_tag":[],"class_list":{"0":"post-1136","1":"product","2":"type-product","3":"status-publish","4":"has-post-thumbnail","6":"product_cat-protection-nano-bardeau","8":"first","9":"instock","10":"featured","11":"taxable","12":"shipping-taxable","13":"product-type-simple"},"jetpack_sharing_enabled":true,"_links":{"self":[{"href":"https:\/\/noxor.ca\/en\/wp-json\/wp\/v2\/product\/1136","targetHints":{"allow":["GET"]}}],"collection":[{"href":"https:\/\/noxor.ca\/en\/wp-json\/wp\/v2\/product"}],"about":[{"href":"https:\/\/noxor.ca\/en\/wp-json\/wp\/v2\/types\/product"}],"replies":[{"embeddable":true,"href":"https:\/\/noxor.ca\/en\/wp-json\/wp\/v2\/comments?post=1136"}],"wp:featuredmedia":[{"embeddable":true,"href":"https:\/\/noxor.ca\/en\/wp-json\/wp\/v2\/media\/3315"}],"wp:attachment":[{"href":"https:\/\/noxor.ca\/en\/wp-json\/wp\/v2\/media?parent=1136"}],"wp:term":[{"taxonomy":"product_brand","embeddable":true,"href":"https:\/\/noxor.ca\/en\/wp-json\/wp\/v2\/product_brand?post=1136"},{"taxonomy":"product_cat","embeddable":true,"href":"https:\/\/noxor.ca\/en\/wp-json\/wp\/v2\/product_cat?post=1136"},{"taxonomy":"product_tag","embeddable":true,"href":"https:\/\/noxor.ca\/en\/wp-json\/wp\/v2\/product_tag?post=1136"}],"curies":[{"name":"wp","href":"https:\/\/api.w.org\/{rel}","templated":true}]}}