{"id":21,"date":"2025-03-12T10:09:49","date_gmt":"2025-03-12T10:09:49","guid":{"rendered":"https:\/\/e-multipurpose1.ziptemplates.top\/?page_id=21"},"modified":"2026-04-09T13:54:32","modified_gmt":"2026-04-09T13:54:32","slug":"contact","status":"publish","type":"page","link":"https:\/\/noxor.ca\/en\/contact\/","title":{"rendered":"Contact"},"content":{"rendered":"\t\t<div data-elementor-type=\"wp-page\" data-elementor-id=\"21\" class=\"elementor elementor-21\" data-elementor-settings=\"{&quot;ha_cmc_init_switcher&quot;:&quot;no&quot;}\" data-elementor-post-type=\"page\">\n\t\t\t\t<div class=\"elementor-element elementor-element-d04f4ed e-flex e-con-boxed e-con e-parent\" data-id=\"d04f4ed\" data-element_type=\"container\" data-e-type=\"container\" data-settings=\"{&quot;background_background&quot;:&quot;classic&quot;,&quot;_ha_eqh_enable&quot;:false}\">\n\t\t\t\t\t<div class=\"e-con-inner\">\n\t\t\t\t<div class=\"elementor-element elementor-element-ff96c7b elementor-widget elementor-widget-image-box\" data-id=\"ff96c7b\" data-element_type=\"widget\" data-e-type=\"widget\" data-widget_type=\"image-box.default\">\n\t\t\t\t<div class=\"elementor-widget-container\">\n\t\t\t\t\t<div class=\"elementor-image-box-wrapper\"><div class=\"elementor-image-box-content\"><h2 class=\"elementor-image-box-title\">Prot\u00e9gez Votre Toiture<\/h2><p class=\"elementor-image-box-description\">Ne retardez plus la protection de votre investissement. Contactez-nous d\u00e8s aujourd'hui pour une consultation et une solution adapt\u00e9e.<\/p><\/div><\/div>\t\t\t\t<\/div>\n\t\t\t\t<\/div>\n\t\t\t\t<div class=\"elementor-element elementor-element-f40d7a7 elementor-align-center elementor-widget elementor-widget-button\" data-id=\"f40d7a7\" data-element_type=\"widget\" data-e-type=\"widget\" data-widget_type=\"button.default\">\n\t\t\t\t<div class=\"elementor-widget-container\">\n\t\t\t\t\t\t\t\t\t<div class=\"elementor-button-wrapper\">\n\t\t\t\t\t<a class=\"elementor-button elementor-button-link elementor-size-sm\" href=\"#formulaire\">\n\t\t\t\t\t\t<span class=\"elementor-button-content-wrapper\">\n\t\t\t\t\t\t\t\t\t<span class=\"elementor-button-text\">Contactez-nous maintenant<\/span>\n\t\t\t\t\t<\/span>\n\t\t\t\t\t<\/a>\n\t\t\t\t<\/div>\n\t\t\t\t\t\t\t\t<\/div>\n\t\t\t\t<\/div>\n\t\t\t\t\t<\/div>\n\t\t\t\t<\/div>\n\t\t<div class=\"elementor-element elementor-element-78073a5 e-flex e-con-boxed e-con e-parent\" data-id=\"78073a5\" data-element_type=\"container\" data-e-type=\"container\" data-settings=\"{&quot;_ha_eqh_enable&quot;:false}\">\n\t\t\t\t\t<div class=\"e-con-inner\">\n\t\t\t\t\t<\/div>\n\t\t\t\t<\/div>\n\t\t<div class=\"elementor-element elementor-element-9d8ab62 e-grid e-con-boxed e-con e-parent\" data-id=\"9d8ab62\" data-element_type=\"container\" data-e-type=\"container\" data-settings=\"{&quot;_ha_eqh_enable&quot;:false}\">\n\t\t\t\t\t<div class=\"e-con-inner\">\n\t\t\t\t<div class=\"elementor-element elementor-element-adff232 elementor-widget elementor-widget-text-editor\" data-id=\"adff232\" data-element_type=\"widget\" data-e-type=\"widget\" data-widget_type=\"text-editor.default\">\n\t\t\t\t<div class=\"elementor-widget-container\">\n\t\t\t\t\t\t\t\t\t<h3 data-start=\"124\" data-end=\"156\">Entrer en contact avec Noxor<\/h3><p data-start=\"158\" data-end=\"348\">Vous avez une question, un projet ou souhaitez en savoir plus sur nos solutions de rev\u00eatement haute performance ?<br data-start=\"271\" data-end=\"274\" \/>L\u2019\u00e9quipe Noxor est l\u00e0 pour vous accompagner et vous guider \u00e0 chaque \u00e9tape.<\/p><p data-start=\"350\" data-end=\"641\">Que vous soyez <strong data-start=\"365\" data-end=\"381\">installateur<\/strong>, <strong data-start=\"383\" data-end=\"399\">entrepreneur<\/strong>, <strong data-start=\"401\" data-end=\"417\">distributeur<\/strong> ou simplement \u00e0 la recherche d\u2019informations, n\u2019h\u00e9sitez pas \u00e0 nous \u00e9crire ou \u00e0 nous appeler. Nous prenons le temps de comprendre vos besoins afin de vous offrir des conseils clairs, professionnels et adapt\u00e9s \u00e0 votre r\u00e9alit\u00e9.<\/p><p data-start=\"643\" data-end=\"749\">Remplissez le formulaire de contact et un membre de notre \u00e9quipe vous r\u00e9pondra dans les plus brefs d\u00e9lais.<\/p><p data-start=\"751\" data-end=\"766\"><strong data-start=\"751\" data-end=\"766\">Coordonn\u00e9es<\/strong><\/p><p data-start=\"768\" data-end=\"831\"><strong data-start=\"768\" data-end=\"784\">Noxor Qu\u00e9bec<\/strong><br data-start=\"784\" data-end=\"787\" \/>450 rue des Cannetons<br data-start=\"808\" data-end=\"811\" \/>Qu\u00e9bec, QC G5E 5W9<\/p><p data-start=\"833\" data-end=\"904\"><a href=\"tel:18337306819\">\ud83d\udcde<\/a> <a href=\"tel:18337306819\"><strong data-start=\"836\" data-end=\"849\">T\u00e9l\u00e9phone<\/strong><\/a> : <a href=\"tel:18337306819\">1-833-730-6819<\/a><br data-start=\"864\" data-end=\"867\" \/>\u2709\ufe0f <strong data-start=\"870\" data-end=\"882\">Courriel<\/strong> : <a class=\"decorated-link cursor-pointer\" href=\"mailto:info@noxor.ca\" rel=\"noopener\" data-start=\"885\" data-end=\"902\">info@noxor.ca<\/a><\/p>\t\t\t\t\t\t\t\t<\/div>\n\t\t\t\t<\/div>\n\t\t\t\t<div class=\"elementor-element elementor-element-111b08b ha-has-bg-overlay elementor-widget elementor-widget-wpforms\" data-id=\"111b08b\" data-element_type=\"widget\" data-e-type=\"widget\" id=\"formulaire\" data-widget_type=\"wpforms.default\">\n\t\t\t\t<div class=\"elementor-widget-container\">\n\t\t\t\t\t<style id=\"wpforms-css-vars-elementor-widget-111b08b\">\n\t\t\t\t.elementor-widget-wpforms.elementor-element-111b08b {\n\t\t\t\t--wpforms-field-background-color: #FFFFFF;\n--wpforms-button-background-color: #A80000;\n--wpforms-page-break-color: #6E6E6E;\n\t\t\t}\n\t\t\t<\/style><div class=\"wpforms-container wpforms-container-full wpforms-render-modern\" id=\"wpforms-2658\"><form id=\"wpforms-form-2658\" class=\"wpforms-validate wpforms-form wpforms-ajax-form\" data-formid=\"2658\" method=\"post\" enctype=\"multipart\/form-data\" action=\"\/en\/wp-json\/wp\/v2\/pages\/21\" data-token=\"7f546b7ec5ffdd837ca529e4898e4a74\" data-token-time=\"1775817621\"><div class=\"wpforms-head-container\"><div class=\"wpforms-title\">Formulaire de contact Noxor<\/div><\/div><noscript class=\"wpforms-error-noscript\">Please enable JavaScript in your browser to complete this form.<\/noscript><div id=\"wpforms-error-noscript\" style=\"display: none;\">Please enable JavaScript in your browser to complete this form.<\/div><div class=\"wpforms-field-container\"><div id=\"wpforms-2658-field_1-container\" class=\"wpforms-field wpforms-field-name\" data-field-id=\"1\"><fieldset><legend class=\"wpforms-field-label\">Nom <span class=\"wpforms-required-label\" aria-hidden=\"true\">*<\/span><\/legend><div class=\"wpforms-field-row wpforms-field-medium\"><div class=\"wpforms-field-row-block wpforms-first wpforms-one-half\"><input type=\"text\" id=\"wpforms-2658-field_1\" class=\"wpforms-field-name-first wpforms-field-required\" name=\"wpforms[fields][1][first]\" aria-errormessage=\"wpforms-2658-field_1-error\" required><label for=\"wpforms-2658-field_1\" class=\"wpforms-field-sublabel after\">First<\/label><\/div><div class=\"wpforms-field-row-block wpforms-one-half\"><input type=\"text\" id=\"wpforms-2658-field_1-last\" class=\"wpforms-field-name-last wpforms-field-required\" name=\"wpforms[fields][1][last]\" aria-errormessage=\"wpforms-2658-field_1-last-error\" required><label for=\"wpforms-2658-field_1-last\" class=\"wpforms-field-sublabel after\">Last<\/label><\/div><\/div><\/fieldset><\/div><div id=\"wpforms-2658-field_4-container\" class=\"wpforms-field wpforms-field-text\" data-field-id=\"4\"><label class=\"wpforms-field-label\" for=\"wpforms-2658-field_4\">T\u00e9l\u00e9phone <span class=\"wpforms-required-label\" aria-hidden=\"true\">*<\/span><\/label><input type=\"text\" id=\"wpforms-2658-field_4\" class=\"wpforms-field-medium wpforms-field-required\" name=\"wpforms[fields][4]\" aria-errormessage=\"wpforms-2658-field_4-error\" required><\/div><div id=\"wpforms-2658-field_2-container\" class=\"wpforms-field wpforms-field-email\" data-field-id=\"2\"><label class=\"wpforms-field-label\" for=\"wpforms-2658-field_2\">E-mail <span class=\"wpforms-required-label\" aria-hidden=\"true\">*<\/span><\/label><input type=\"email\" id=\"wpforms-2658-field_2\" class=\"wpforms-field-medium wpforms-field-required\" name=\"wpforms[fields][2]\" spellcheck=\"false\" aria-errormessage=\"wpforms-2658-field_2-error\" required><\/div>\t\t<div id=\"wpforms-2658-field_5-container\"\n\t\t\tclass=\"wpforms-field wpforms-field-text\"\n\t\t\tdata-field-type=\"text\"\n\t\t\tdata-field-id=\"5\"\n\t\t\t>\n\t\t\t<label class=\"wpforms-field-label\" for=\"wpforms-2658-field_5\" >E-mail ou T\u00e9l\u00e9phone<\/label>\n\t\t\t<input type=\"text\" id=\"wpforms-2658-field_5\" class=\"wpforms-field-medium\" name=\"wpforms[fields][5]\" >\n\t\t<\/div>\n\t\t<div id=\"wpforms-2658-field_3-container\" class=\"wpforms-field wpforms-field-textarea\" data-field-id=\"3\"><label class=\"wpforms-field-label\" for=\"wpforms-2658-field_3\">Commentaire ou message<\/label><textarea id=\"wpforms-2658-field_3\" class=\"wpforms-field-medium\" name=\"wpforms[fields][3]\" aria-errormessage=\"wpforms-2658-field_3-error\" ><\/textarea><\/div><script>\n\t\t\t\t( function() {\n\t\t\t\t\tconst style = document.createElement( 'style' );\n\t\t\t\t\tstyle.appendChild( document.createTextNode( '#wpforms-2658-field_5-container { position: absolute !important; overflow: hidden !important; display: inline !important; height: 1px !important; width: 1px !important; z-index: -1000 !important; padding: 0 !important; } #wpforms-2658-field_5-container input { visibility: hidden; } #wpforms-conversational-form-page #wpforms-2658-field_5-container label { counter-increment: none; }' ) );\n\t\t\t\t\tdocument.head.appendChild( style );\n\t\t\t\t\tdocument.currentScript?.remove();\n\t\t\t\t} )();\n\t\t\t<\/script><\/div><!-- .wpforms-field-container --><div class=\"wpforms-submit-container\" ><input type=\"hidden\" name=\"wpforms[id]\" value=\"2658\"><input type=\"hidden\" name=\"page_title\" value=\"\"><input type=\"hidden\" name=\"page_url\" value=\"https:\/\/noxor.ca\/en\/wp-json\/wp\/v2\/pages\/21\"><input type=\"hidden\" name=\"url_referer\" value=\"\"><button type=\"submit\" name=\"wpforms[submit]\" id=\"wpforms-submit-2658\" class=\"wpforms-submit\" data-alt-text=\"Envoi...\" data-submit-text=\"Envoyer\" aria-live=\"assertive\" value=\"wpforms-submit\">Envoyer<\/button><img decoding=\"async\" src=\"https:\/\/noxor.ca\/wp-content\/plugins\/wpforms-lite\/assets\/images\/submit-spin.svg\" class=\"wpforms-submit-spinner\" style=\"display: none;\" width=\"26\" height=\"26\" alt=\"Loading\"><\/div><\/form><\/div>  <!-- .wpforms-container -->\t\t\t\t<\/div>\n\t\t\t\t<\/div>\n\t\t\t\t\t<\/div>\n\t\t\t\t<\/div>\n\t\t<div class=\"elementor-element elementor-element-179f96b e-con-full e-flex e-con e-child\" data-id=\"179f96b\" data-element_type=\"container\" data-e-type=\"container\" data-settings=\"{&quot;_ha_eqh_enable&quot;:false}\">\n\t\t\t\t<div class=\"elementor-element elementor-element-388c307 elementor-widget elementor-widget-google_maps\" data-id=\"388c307\" data-element_type=\"widget\" data-e-type=\"widget\" data-widget_type=\"google_maps.default\">\n\t\t\t\t<div class=\"elementor-widget-container\">\n\t\t\t\t\t\t\t<div class=\"elementor-custom-embed\">\n\t\t\t<iframe loading=\"lazy\"\n\t\t\t\t\tsrc=\"https:\/\/maps.google.com\/maps?q=noxor%20qc&#038;t=m&#038;z=10&#038;output=embed&#038;iwloc=near\"\n\t\t\t\t\ttitle=\"noxor qc\"\n\t\t\t\t\taria-label=\"noxor qc\"\n\t\t\t><\/iframe>\n\t\t<\/div>\n\t\t\t\t\t\t<\/div>\n\t\t\t\t<\/div>\n\t\t\t\t<\/div>\n\t\t<div class=\"elementor-element elementor-element-4c8100c e-con-full e-flex e-con e-child\" data-id=\"4c8100c\" data-element_type=\"container\" data-e-type=\"container\" data-settings=\"{&quot;_ha_eqh_enable&quot;:false}\">\n\t\t\t\t<\/div>\n\t\t\t\t<\/div>\n\t\t","protected":false},"excerpt":{"rendered":"<p>Prot\u00e9gez Votre Toiture Ne retardez plus la protection de votre investissement. Contactez-nous d\u00e8s aujourd&rsquo;hui pour une consultation et une solution adapt\u00e9e. Contactez-nous maintenant Entrer en contact avec Noxor Vous avez une question, un projet ou souhaitez en savoir plus sur nos solutions de rev\u00eatement haute performance ?L\u2019\u00e9quipe Noxor est l\u00e0 pour vous accompagner et vous [&hellip;]<\/p>\n","protected":false},"author":2,"featured_media":0,"parent":0,"menu_order":0,"comment_status":"closed","ping_status":"closed","template":"elementor_header_footer","meta":{"footnotes":""},"class_list":["post-21","page","type-page","status-publish","hentry"],"blocksy_meta":[],"jetpack_sharing_enabled":true,"_links":{"self":[{"href":"https:\/\/noxor.ca\/en\/wp-json\/wp\/v2\/pages\/21","targetHints":{"allow":["GET"]}}],"collection":[{"href":"https:\/\/noxor.ca\/en\/wp-json\/wp\/v2\/pages"}],"about":[{"href":"https:\/\/noxor.ca\/en\/wp-json\/wp\/v2\/types\/page"}],"author":[{"embeddable":true,"href":"https:\/\/noxor.ca\/en\/wp-json\/wp\/v2\/users\/2"}],"replies":[{"embeddable":true,"href":"https:\/\/noxor.ca\/en\/wp-json\/wp\/v2\/comments?post=21"}],"version-history":[{"count":45,"href":"https:\/\/noxor.ca\/en\/wp-json\/wp\/v2\/pages\/21\/revisions"}],"predecessor-version":[{"id":3649,"href":"https:\/\/noxor.ca\/en\/wp-json\/wp\/v2\/pages\/21\/revisions\/3649"}],"wp:attachment":[{"href":"https:\/\/noxor.ca\/en\/wp-json\/wp\/v2\/media?parent=21"}],"curies":[{"name":"wp","href":"https:\/\/api.w.org\/{rel}","templated":true}]}}