{"id":1891,"date":"2026-02-04T17:54:57","date_gmt":"2026-02-04T17:54:57","guid":{"rendered":"https:\/\/clientnoxor.com\/?page_id=1891"},"modified":"2026-03-04T22:56:40","modified_gmt":"2026-03-04T22:56:40","slug":"terms-of-use","status":"publish","type":"page","link":"https:\/\/noxor.ca\/en\/terms-of-use\/","title":{"rendered":"Terms and conditions"},"content":{"rendered":"<div data-elementor-type=\"wp-page\" data-elementor-id=\"1891\" class=\"elementor elementor-1891\" data-elementor-settings=\"{&quot;ha_cmc_init_switcher&quot;:&quot;no&quot;}\" data-elementor-post-type=\"page\">\n\t\t\t\t<div class=\"elementor-element elementor-element-428351b e-flex e-con-boxed e-con e-parent\" data-id=\"428351b\" data-element_type=\"container\" data-e-type=\"container\" data-settings=\"{&quot;_ha_eqh_enable&quot;:false}\">\n\t\t\t\t\t<div class=\"e-con-inner\">\n\t\t\t\t<div class=\"elementor-element elementor-element-6236ac0 elementor-widget elementor-widget-heading\" data-id=\"6236ac0\" data-element_type=\"widget\" data-e-type=\"widget\" data-widget_type=\"heading.default\">\n\t\t\t\t<div class=\"elementor-widget-container\">\n\t\t\t\t\t<h2 class=\"elementor-heading-title elementor-size-default\">Terms and conditions<\/h2>\t\t\t\t<\/div>\n\t\t\t\t<\/div>\n\t\t\t\t\t<\/div>\n\t\t\t\t<\/div>\n\t\t<div class=\"elementor-element elementor-element-6a304dc e-flex e-con-boxed e-con e-parent\" data-id=\"6a304dc\" data-element_type=\"container\" data-e-type=\"container\" data-settings=\"{&quot;_ha_eqh_enable&quot;:false}\">\n\t\t\t\t\t<div class=\"e-con-inner\">\n\t\t\t\t<div class=\"elementor-element elementor-element-e98bd2e elementor-widget elementor-widget-text-editor\" data-id=\"e98bd2e\" data-element_type=\"widget\" data-e-type=\"widget\" data-widget_type=\"text-editor.default\">\n\t\t\t\t<div class=\"elementor-widget-container\">\n\t\t\t\t\t\t\t\t\t<p>Les pr\u00e9sentes conditions r\u00e9gissent votre acc\u00e8s et votre utilisation de l&rsquo;ensemble du contenu, des produits et des services disponibles sur le site web noxor.ca (le \u00ab service \u00bb) exploit\u00e9 par Noxor (\u00ab nous \u00bb, \u00ab notre \u00bb ou \u00ab nos \u00bb).<\/p>\n<p>Votre acc\u00e8s \u00e0 nos services est soumis \u00e0 votre acceptation, sans modification, de toutes les conditions g\u00e9n\u00e9rales contenues dans les pr\u00e9sentes et de toutes les autres r\u00e8gles et politiques d&rsquo;exploitation publi\u00e9es et susceptibles d&rsquo;\u00eatre publi\u00e9es de temps \u00e0 autre par nous.<\/p>\n<p>Veuillez lire attentivement le Contrat avant d&rsquo;acc\u00e9der \u00e0 nos Services ou de les utiliser. En acc\u00e9dant \u00e0 tout ou partie de nos Services ou en les utilisant, vous acceptez d&rsquo;\u00eatre li\u00e9 par les pr\u00e9sentes Conditions. Si vous n&rsquo;acceptez pas tout ou partie des conditions du Contrat, vous ne pouvez pas acc\u00e9der \u00e0 nos Services ni les utiliser.<\/p>\t\t\t\t\t\t\t\t<\/div>\n\t\t\t\t<\/div>\n\t\t\t\t\t<\/div>\n\t\t\t\t<\/div>\n\t\t<div class=\"elementor-element elementor-element-739a3b4 e-flex e-con-boxed e-con e-parent\" data-id=\"739a3b4\" data-element_type=\"container\" data-e-type=\"container\" data-settings=\"{&quot;_ha_eqh_enable&quot;:false}\">\n\t\t\t\t\t<div class=\"e-con-inner\">\n\t\t\t\t<div class=\"elementor-element elementor-element-e1f02ef elementor-widget elementor-widget-heading\" data-id=\"e1f02ef\" data-element_type=\"widget\" data-e-type=\"widget\" data-widget_type=\"heading.default\">\n\t\t\t\t<div class=\"elementor-widget-container\">\n\t\t\t\t\t<h2 class=\"elementor-heading-title elementor-size-default\">Propri\u00e9t\u00e9 intellectuelle<\/h2>\t\t\t\t<\/div>\n\t\t\t\t<\/div>\n\t\t\t\t<div class=\"elementor-element elementor-element-ecabc14 elementor-widget elementor-widget-text-editor\" data-id=\"ecabc14\" data-element_type=\"widget\" data-e-type=\"widget\" data-widget_type=\"text-editor.default\">\n\t\t\t\t<div class=\"elementor-widget-container\">\n\t\t\t\t\t\t\t\t\t<p>Le Contrat ne transf\u00e8re pas de notre part \u00e0 votre \u00e9gard aucune propri\u00e9t\u00e9 intellectuelle nous appartenant ou appartenant \u00e0 des tiers, et tous les droits, titres et int\u00e9r\u00eats relatifs \u00e0 cette propri\u00e9t\u00e9 resteront (entre les parties) la propri\u00e9t\u00e9 exclusive de Noxor et de ses conc\u00e9dants de licence.<\/p>\n<p><!-- \/wp:paragraph --><\/p>\n<p><!-- wp:heading {\"level\":3} --><\/p>\t\t\t\t\t\t\t\t<\/div>\n\t\t\t\t<\/div>\n\t\t\t\t<div class=\"elementor-element elementor-element-fab2e41 elementor-widget elementor-widget-heading\" data-id=\"fab2e41\" data-element_type=\"widget\" data-e-type=\"widget\" data-widget_type=\"heading.default\">\n\t\t\t\t<div class=\"elementor-widget-container\">\n\t\t\t\t\t<h2 class=\"elementor-heading-title elementor-size-default\">Services tiers<\/h2>\t\t\t\t<\/div>\n\t\t\t\t<\/div>\n\t\t\t\t\t<\/div>\n\t\t\t\t<\/div>\n\t\t<div class=\"elementor-element elementor-element-bb056be e-flex e-con-boxed e-con e-parent\" data-id=\"bb056be\" data-element_type=\"container\" data-e-type=\"container\" data-settings=\"{&quot;_ha_eqh_enable&quot;:false}\">\n\t\t\t\t\t<div class=\"e-con-inner\">\n\t\t\t\t<div class=\"elementor-element elementor-element-49fa1d8 elementor-widget elementor-widget-text-editor\" data-id=\"49fa1d8\" data-element_type=\"widget\" data-e-type=\"widget\" data-widget_type=\"text-editor.default\">\n\t\t\t\t<div class=\"elementor-widget-container\">\n\t\t\t\t\t\t\t\t\t<p>En utilisant les Services, vous pouvez utiliser des services, produits, logiciels, int\u00e9grations ou applications tiers d\u00e9velopp\u00e9s par un tiers (\u00ab Services tiers \u00bb).<\/p>\n<p>Si vous utilisez des services tiers, vous comprenez que :<\/p>\n<ul>\n<li>Toute utilisation d&rsquo;un service tiers est \u00e0 vos propres risques, et nous ne sommes pas responsables envers quiconque des sites Web ou services tiers.<br \/><br \/><\/li>\n<li>Vous reconnaissez et acceptez que nous ne sommes pas responsables des dommages ou pertes caus\u00e9s ou pr\u00e9tendument caus\u00e9s par ou en relation avec l&rsquo;utilisation de tout contenu, produit ou service disponible sur ou via ces sites Web ou services.<\/li>\n<\/ul>\t\t\t\t\t\t\t\t<\/div>\n\t\t\t\t<\/div>\n\t\t\t\t<div class=\"elementor-element elementor-element-511caaa elementor-widget elementor-widget-heading\" data-id=\"511caaa\" data-element_type=\"widget\" data-e-type=\"widget\" data-widget_type=\"heading.default\">\n\t\t\t\t<div class=\"elementor-widget-container\">\n\t\t\t\t\t<h2 class=\"elementor-heading-title elementor-size-default\">Comptes<\/h2>\t\t\t\t<\/div>\n\t\t\t\t<\/div>\n\t\t\t\t<div class=\"elementor-element elementor-element-8f3a01c elementor-widget elementor-widget-text-editor\" data-id=\"8f3a01c\" data-element_type=\"widget\" data-e-type=\"widget\" data-widget_type=\"text-editor.default\">\n\t\t\t\t<div class=\"elementor-widget-container\">\n\t\t\t\t\t\t\t\t\t<p><!-- wp:paragraph --><\/p>\n<p>Lorsque l&rsquo;utilisation d&rsquo;une partie de nos Services n\u00e9cessite la cr\u00e9ation d&rsquo;un compte, vous acceptez de nous fournir des informations compl\u00e8tes et exactes lors de votre inscription.<\/p>\n<p>Vous serez seul responsable de toute activit\u00e9 effectu\u00e9e sous votre compte. Vous \u00eates responsable de la mise \u00e0 jour des informations relatives \u00e0 votre compte et de la s\u00e9curit\u00e9 de votre mot de passe.<\/p>\n<p>Vous \u00eates responsable du maintien de la s\u00e9curit\u00e9 du compte que vous utilisez pour acc\u00e9der au Service. Vous ne devez pas partager ni utiliser de mani\u00e8re abusive vos identifiants d&rsquo;acc\u00e8s. Vous devez nous informer imm\u00e9diatement de toute utilisation non autoris\u00e9e de votre compte ou d\u00e8s que vous avez connaissance d&rsquo;une autre violation de la s\u00e9curit\u00e9.<\/p><!-- \/wp:paragraph -->\t\t\t\t\t\t\t\t<\/div>\n\t\t\t\t<\/div>\n\t\t\t\t<div class=\"elementor-element elementor-element-a5d7b00 elementor-widget elementor-widget-heading\" data-id=\"a5d7b00\" data-element_type=\"widget\" data-e-type=\"widget\" data-widget_type=\"heading.default\">\n\t\t\t\t<div class=\"elementor-widget-container\">\n\t\t\t\t\t<h2 class=\"elementor-heading-title elementor-size-default\">Liens vers d'autres sites web<\/h2>\t\t\t\t<\/div>\n\t\t\t\t<\/div>\n\t\t\t\t\t<\/div>\n\t\t\t\t<\/div>\n\t\t<div class=\"elementor-element elementor-element-47792b9c e-flex e-con-boxed e-con e-parent\" data-id=\"47792b9c\" data-element_type=\"container\" data-e-type=\"container\" data-settings=\"{&quot;_ha_eqh_enable&quot;:false}\">\n\t\t\t\t\t<div class=\"e-con-inner\">\n\t\t\t\t<div class=\"elementor-element elementor-element-ebae982 elementor-widget elementor-widget-text-editor\" data-id=\"ebae982\" data-element_type=\"widget\" data-e-type=\"widget\" data-widget_type=\"text-editor.default\">\n\t\t\t\t<div class=\"elementor-widget-container\">\n\t\t\t\t\t\t\t\t\t<p><!-- wp:paragraph --><\/p>\n<p>Notre service peut contenir des liens vers des sites Web ou des services tiers qui ne sont ni d\u00e9tenus ni contr\u00f4l\u00e9s par Noxor.<\/p>\n<p>Noxor n&rsquo;assume aucune responsabilit\u00e9 quant au contenu, aux politiques de confidentialit\u00e9 ou aux pratiques des sites Web ou services tiers. Noxor ne saurait \u00e9galement \u00eatre tenu responsable, directement ou indirectement, de tout dommage ou perte caus\u00e9 ou pr\u00e9tendument caus\u00e9 par ou en relation avec l&rsquo;utilisation ou la confiance accord\u00e9e \u00e0 tout contenu, produit ou service disponible sur ou via ces sites Web ou services.<\/p>\n<p>Nous vous recommandons de lire les conditions g\u00e9n\u00e9rales et les politiques de confidentialit\u00e9 de tout site Web ou service tiers que vous visitez.<\/p><!-- \/wp:paragraph -->\t\t\t\t\t\t\t\t<\/div>\n\t\t\t\t<\/div>\n\t\t\t\t<div class=\"elementor-element elementor-element-99fc3d0 elementor-widget elementor-widget-heading\" data-id=\"99fc3d0\" data-element_type=\"widget\" data-e-type=\"widget\" data-widget_type=\"heading.default\">\n\t\t\t\t<div class=\"elementor-widget-container\">\n\t\t\t\t\t<h2 class=\"elementor-heading-title elementor-size-default\">R\u00e9siliation<\/h2>\t\t\t\t<\/div>\n\t\t\t\t<\/div>\n\t\t\t\t<div class=\"elementor-element elementor-element-728ed8e elementor-widget elementor-widget-text-editor\" data-id=\"728ed8e\" data-element_type=\"widget\" data-e-type=\"widget\" data-widget_type=\"text-editor.default\">\n\t\t\t\t<div class=\"elementor-widget-container\">\n\t\t\t\t\t\t\t\t\t<p><!-- wp:paragraph --><\/p>\n<p>Nous pouvons r\u00e9silier ou suspendre votre acc\u00e8s \u00e0 tout ou partie de nos Services \u00e0 tout moment, avec ou sans motif, avec ou sans pr\u00e9avis, avec effet imm\u00e9diat.<\/p>\n<p>Si vous souhaitez r\u00e9silier le Contrat ou votre compte Noxor, il vous suffit de cesser d&rsquo;utiliser nos Services.<\/p>\n<p>Toutes les dispositions du Contrat qui, de par leur nature, devraient survivre \u00e0 la r\u00e9siliation survivront \u00e0 la r\u00e9siliation, y compris, sans limitation, les dispositions relatives \u00e0 la propri\u00e9t\u00e9, les exclusions de garantie, l&rsquo;indemnisation et les limitations de responsabilit\u00e9.<\/p><!-- \/wp:paragraph -->\t\t\t\t\t\t\t\t<\/div>\n\t\t\t\t<\/div>\n\t\t\t\t<div class=\"elementor-element elementor-element-ff9f3f7 elementor-widget elementor-widget-heading\" data-id=\"ff9f3f7\" data-element_type=\"widget\" data-e-type=\"widget\" data-widget_type=\"heading.default\">\n\t\t\t\t<div class=\"elementor-widget-container\">\n\t\t\t\t\t<h2 class=\"elementor-heading-title elementor-size-default\">Avis de non-responsabilit\u00e9<\/h2>\t\t\t\t<\/div>\n\t\t\t\t<\/div>\n\t\t\t\t<div class=\"elementor-element elementor-element-74c17d6 elementor-widget elementor-widget-text-editor\" data-id=\"74c17d6\" data-element_type=\"widget\" data-e-type=\"widget\" data-widget_type=\"text-editor.default\">\n\t\t\t\t<div class=\"elementor-widget-container\">\n\t\t\t\t\t\t\t\t\t<p><!-- wp:paragraph --><\/p>\n<p>Nos services sont fournis \u00ab TELS QUELS \u00bb et \u00ab TELS QUE DISPONIBLES \u00bb. Noxor et ses fournisseurs et conc\u00e9dants de licence d\u00e9clinent par la pr\u00e9sente toute garantie, expresse ou implicite, y compris, sans limitation, les garanties de qualit\u00e9 marchande, d&rsquo;ad\u00e9quation \u00e0 un usage particulier et de non-contrefa\u00e7on. Ni Noxor, ni ses fournisseurs et conc\u00e9dants de licence ne garantissent que nos services seront exempts d&rsquo;erreurs ou que leur acc\u00e8s sera continu ou ininterrompu.<\/p>\n<p>Vous comprenez que vous t\u00e9l\u00e9chargez ou obtenez autrement du contenu ou des services par le biais de nos services \u00e0 votre discr\u00e9tion et \u00e0 vos propres risques.<\/p><!-- \/wp:paragraph -->\t\t\t\t\t\t\t\t<\/div>\n\t\t\t\t<\/div>\n\t\t\t\t<div class=\"elementor-element elementor-element-58b55d6 elementor-widget elementor-widget-heading\" data-id=\"58b55d6\" data-element_type=\"widget\" data-e-type=\"widget\" data-widget_type=\"heading.default\">\n\t\t\t\t<div class=\"elementor-widget-container\">\n\t\t\t\t\t<h2 class=\"elementor-heading-title elementor-size-default\">Juridiction et droit applicable<\/h2>\t\t\t\t<\/div>\n\t\t\t\t<\/div>\n\t\t\t\t<div class=\"elementor-element elementor-element-ea7f2ae elementor-widget elementor-widget-text-editor\" data-id=\"ea7f2ae\" data-element_type=\"widget\" data-e-type=\"widget\" data-widget_type=\"text-editor.default\">\n\t\t\t\t<div class=\"elementor-widget-container\">\n\t\t\t\t\t\t\t\t\t<p><!-- wp:paragraph --><\/p>\n<p>Sauf disposition contraire pr\u00e9vue par toute loi applicable, le Contrat et tout acc\u00e8s ou utilisation de nos Services seront r\u00e9gis par les lois de l&rsquo;\u00c9tat de New York.<\/p>\n<p>Tout litige d\u00e9coulant du Contrat ou li\u00e9 \u00e0 celui-ci, ainsi que tout acc\u00e8s ou utilisation de nos Services, sera soumis \u00e0 la comp\u00e9tence des tribunaux \u00e9tatiques et f\u00e9d\u00e9raux situ\u00e9s \u00e0 New York.<\/p><!-- \/wp:paragraph -->\t\t\t\t\t\t\t\t<\/div>\n\t\t\t\t<\/div>\n\t\t\t\t<div class=\"elementor-element elementor-element-726cad7 elementor-widget elementor-widget-heading\" data-id=\"726cad7\" data-element_type=\"widget\" data-e-type=\"widget\" data-widget_type=\"heading.default\">\n\t\t\t\t<div class=\"elementor-widget-container\">\n\t\t\t\t\t<h2 class=\"elementor-heading-title elementor-size-default\">Changements<\/h2>\t\t\t\t<\/div>\n\t\t\t\t<\/div>\n\t\t\t\t<div class=\"elementor-element elementor-element-563106d elementor-widget elementor-widget-text-editor\" data-id=\"563106d\" data-element_type=\"widget\" data-e-type=\"widget\" data-widget_type=\"text-editor.default\">\n\t\t\t\t<div class=\"elementor-widget-container\">\n\t\t\t\t\t\t\t\t\t<p>Noxor se r\u00e9serve le droit, \u00e0 sa seule discr\u00e9tion, de modifier ou de remplacer les pr\u00e9sentes Conditions \u00e0 tout moment.<\/p>\n<p>Si nous apportons des modifications importantes, nous vous en informerons en publiant un avis sur notre site Web ou en vous envoyant un e-mail ou tout autre moyen de communication avant que les modifications n&rsquo;entrent en vigueur. L&rsquo;avis indiquera un d\u00e9lai raisonnable apr\u00e8s lequel les nouvelles conditions entreront en vigueur.<\/p>\n<p>Nous nous efforcerons de vous informer au moins 30 jours avant l&rsquo;entr\u00e9e en vigueur des modifications. Si vous n&rsquo;\u00eates pas d&rsquo;accord avec nos modifications, vous devez cesser d&rsquo;utiliser nos Services pendant la p\u00e9riode de pr\u00e9avis indiqu\u00e9e ou d\u00e8s l&rsquo;entr\u00e9e en vigueur des modifications.<\/p>\n<p>Votre utilisation continue de nos Services sera soumise aux nouvelles conditions.<\/p>\t\t\t\t\t\t\t\t<\/div>\n\t\t\t\t<\/div>\n\t\t\t\t<div class=\"elementor-element elementor-element-dd14b2c elementor-widget elementor-widget-heading\" data-id=\"dd14b2c\" data-element_type=\"widget\" data-e-type=\"widget\" data-widget_type=\"heading.default\">\n\t\t\t\t<div class=\"elementor-widget-container\">\n\t\t\t\t\t<h2 class=\"elementor-heading-title elementor-size-default\">Contactez-nous<\/h2>\t\t\t\t<\/div>\n\t\t\t\t<\/div>\n\t\t\t\t<div class=\"elementor-element elementor-element-af9da49 elementor-widget elementor-widget-text-editor\" data-id=\"af9da49\" data-element_type=\"widget\" data-e-type=\"widget\" data-widget_type=\"text-editor.default\">\n\t\t\t\t<div class=\"elementor-widget-container\">\n\t\t\t\t\t\t\t\t\t<p>Si vous avez des questions concernant les pr\u00e9sentes Conditions d&rsquo;utilisation, veuillez nous contacter \u00e0 l&rsquo;adresse service@noxor.ca.<\/p>\n<p>Nous nous efforcerons de vous informer au moins 30 jours avant l&rsquo;entr\u00e9e en vigueur des modifications. Si vous n&rsquo;\u00eates pas d&rsquo;accord avec nos modifications, vous devez cesser d&rsquo;utiliser nos Services pendant la p\u00e9riode de pr\u00e9avis indiqu\u00e9e ou d\u00e8s l&rsquo;entr\u00e9e en vigueur des modifications.<\/p>\n<p>Votre utilisation continue de nos Services sera soumise aux nouvelles conditions.<\/p>\t\t\t\t\t\t\t\t<\/div>\n\t\t\t\t<\/div>\n\t\t<div class=\"elementor-element elementor-element-29a5c4b e-con-full e-flex e-con e-child\" data-id=\"29a5c4b\" data-element_type=\"container\" data-e-type=\"container\" data-settings=\"{&quot;_ha_eqh_enable&quot;:false}\">\n\t\t\t\t<\/div>\n\t\t\t\t\t<\/div>\n\t\t\t\t<\/div>\n\t\t\t\t<\/div>","protected":false},"excerpt":{"rendered":"<p>Termes et conditions Les pr\u00e9sentes conditions r\u00e9gissent votre acc\u00e8s et votre utilisation de l&rsquo;ensemble du contenu, des produits et des services disponibles sur le site web noxor.ca (le \u00ab service \u00bb) exploit\u00e9 par Noxor (\u00ab nous \u00bb, \u00ab notre \u00bb ou \u00ab nos \u00bb). Votre acc\u00e8s \u00e0 nos services est soumis \u00e0 votre acceptation, sans [&hellip;]<\/p>\n","protected":false},"author":2,"featured_media":0,"parent":0,"menu_order":0,"comment_status":"closed","ping_status":"closed","template":"elementor_header_footer","meta":{"footnotes":""},"class_list":["post-1891","page","type-page","status-publish","hentry"],"blocksy_meta":[],"jetpack_sharing_enabled":true,"_links":{"self":[{"href":"https:\/\/noxor.ca\/en\/wp-json\/wp\/v2\/pages\/1891","targetHints":{"allow":["GET"]}}],"collection":[{"href":"https:\/\/noxor.ca\/en\/wp-json\/wp\/v2\/pages"}],"about":[{"href":"https:\/\/noxor.ca\/en\/wp-json\/wp\/v2\/types\/page"}],"author":[{"embeddable":true,"href":"https:\/\/noxor.ca\/en\/wp-json\/wp\/v2\/users\/2"}],"replies":[{"embeddable":true,"href":"https:\/\/noxor.ca\/en\/wp-json\/wp\/v2\/comments?post=1891"}],"version-history":[{"count":23,"href":"https:\/\/noxor.ca\/en\/wp-json\/wp\/v2\/pages\/1891\/revisions"}],"predecessor-version":[{"id":3435,"href":"https:\/\/noxor.ca\/en\/wp-json\/wp\/v2\/pages\/1891\/revisions\/3435"}],"wp:attachment":[{"href":"https:\/\/noxor.ca\/en\/wp-json\/wp\/v2\/media?parent=1891"}],"curies":[{"name":"wp","href":"https:\/\/api.w.org\/{rel}","templated":true}]}}